{"id":8491,"date":"2021-02-25T17:14:09","date_gmt":"2021-02-25T16:14:09","guid":{"rendered":"https:\/\/www.nomenearth.es\/edicions-anteriores\/"},"modified":"2021-07-05T16:43:57","modified_gmt":"2021-07-05T14:43:57","slug":"edicions-anteriores","status":"publish","type":"page","link":"https:\/\/www.nomenearth.es\/gl\/edicions-anteriores\/","title":{"rendered":"Edici\u00f3ns anteriores"},"content":{"rendered":"<p>[et_pb_section fb_built=&#8221;1&#8243; admin_label=&#8221;Secci\u00f3n- header&#8221; module_id=&#8221;participa&#8221; module_class=&#8221;section-title-intro&#8221; _builder_version=&#8221;4.0.5&#8243; background_image=&#8221;https:\/\/www.nomenearth.es\/wp-content\/uploads\/2021\/02\/header-ediciones-anteriores.png&#8221; custom_padding=&#8221;50px|||||&#8221; da_disable_devices=&#8221;off|off|off&#8221; locked=&#8221;off&#8221; collapsed=&#8221;off&#8221; da_is_popup=&#8221;off&#8221; da_exit_intent=&#8221;off&#8221; da_has_close=&#8221;on&#8221; da_alt_close=&#8221;off&#8221; da_dark_close=&#8221;off&#8221; da_not_modal=&#8221;on&#8221; da_is_singular=&#8221;off&#8221; da_with_loader=&#8221;off&#8221; da_has_shadow=&#8221;on&#8221;][et_pb_row admin_label=&#8221;Ediciones anteriores&#8221; _builder_version=&#8221;4.0.5&#8243;][et_pb_column type=&#8221;4_4&#8243; _builder_version=&#8221;4.0.5&#8243;][et_pb_text _builder_version=&#8221;4.0.5&#8243;]<\/p>\n<h1 style=\"text-align: center;\">EDICI\u00d3NS ANTERIORES<\/h1>\n<p>[\/et_pb_text][\/et_pb_column][\/et_pb_row][\/et_pb_section][et_pb_section fb_built=&#8221;1&#8243; admin_label=&#8221;Secci\u00f3n &#8211; intro&#8221; _builder_version=&#8221;4.0.5&#8243; background_image=&#8221;https:\/\/www.nomenearth.es\/wp-content\/uploads\/2021\/02\/arros-transparent-v2.png&#8221; background_size=&#8221;contain&#8221; background_position=&#8221;top_left&#8221; custom_margin=&#8221;||0px||false|false&#8221; custom_margin_tablet=&#8221;&#8221; custom_margin_phone=&#8221;&#8221; custom_margin_last_edited=&#8221;on|tablet&#8221; custom_padding=&#8221;||0px||false|false&#8221; background_last_edited=&#8221;on|desktop&#8221; background_size_tablet=&#8221;contain&#8221; background_position_tablet=&#8221;bottom_left&#8221; background_position_phone=&#8221;bottom_left&#8221; da_disable_devices=&#8221;off|off|off&#8221; da_is_popup=&#8221;off&#8221; da_exit_intent=&#8221;off&#8221; da_has_close=&#8221;on&#8221; da_alt_close=&#8221;off&#8221; da_dark_close=&#8221;off&#8221; da_not_modal=&#8221;on&#8221; da_is_singular=&#8221;off&#8221; da_with_loader=&#8221;off&#8221; da_has_shadow=&#8221;on&#8221;][et_pb_row _builder_version=&#8221;4.0.5&#8243;][et_pb_column type=&#8221;4_4&#8243; _builder_version=&#8221;4.0.5&#8243;][et_pb_text admin_label=&#8221;Subtitulo&#8221; _builder_version=&#8221;4.0.5&#8243; text_font=&#8221;|600|||||||&#8221; text_text_color=&#8221;#316335&#8243; text_font_size=&#8221;36px&#8221; text_line_height=&#8221;1.2em&#8221; text_orientation=&#8221;center&#8221; max_width=&#8221;960px&#8221; module_alignment=&#8221;center&#8221; custom_padding=&#8221;||25px||false|false&#8221;]<span style=\"font-family: 'Kumbh Sans', sans-serif;\">Primeira edici\u00f3n de Nomen Earth (2019-2020)<\/span>[\/et_pb_text][et_pb_text admin_label=&#8221;Texto intro&#8221; _builder_version=&#8221;4.0.5&#8243; text_text_color=&#8221;#404040&#8243; text_font_size=&#8221;18px&#8221; text_line_height=&#8221;1.4em&#8221; text_orientation=&#8221;center&#8221; max_width=&#8221;990px&#8221; module_alignment=&#8221;center&#8221;]<\/p>\n<p><span style=\"color: #414141;\">A iniciativa Nomen Earth naceu en 2019 co prop\u00f3sito de unir esforzos a favor do medio ambiente, crear un produto de todos para todos, investindo o 100% dos beneficios obtidos das s\u00faas vendas en financiar acci\u00f3ns a prol do medio ambiente.<\/span><\/p>\n<p>[\/et_pb_text][et_pb_text _builder_version=&#8221;4.0.5&#8243; text_font=&#8221;|600|||||||&#8221; text_text_color=&#8221;#414141&#8243; text_font_size=&#8221;36px&#8221; text_orientation=&#8221;center&#8221; custom_margin=&#8221;||||false|false&#8221; custom_padding=&#8221;30px||50px||false|false&#8221;]<span style=\"font-family: 'Kumbh Sans', sans-serif;\">Como o fixemos?<\/span>[\/et_pb_text][\/et_pb_column][\/et_pb_row][\/et_pb_section][et_pb_section fb_built=&#8221;1&#8243; admin_label=&#8221;Secci\u00f3n &#8211; Comit\u00e9 sostenibilidad&#8221; _builder_version=&#8221;4.0.5&#8243; background_color=&#8221;#316335&#8243; da_disable_devices=&#8221;off|off|off&#8221; da_is_popup=&#8221;off&#8221; da_exit_intent=&#8221;off&#8221; da_has_close=&#8221;on&#8221; da_alt_close=&#8221;off&#8221; da_dark_close=&#8221;off&#8221; da_not_modal=&#8221;on&#8221; da_is_singular=&#8221;off&#8221; da_with_loader=&#8221;off&#8221; da_has_shadow=&#8221;on&#8221;][et_pb_row column_structure=&#8221;1_2,1_2&#8243; admin_label=&#8221;Fila&#8221; _builder_version=&#8221;4.0.5&#8243;][et_pb_column type=&#8221;1_2&#8243; _builder_version=&#8221;4.0.5&#8243;][et_pb_text _builder_version=&#8221;4.0.5&#8243; text_font=&#8221;|600|||||||&#8221; text_text_color=&#8221;#ffffff&#8221; text_font_size=&#8221;33px&#8221; text_line_height=&#8221;1.2em&#8221; max_width=&#8221;480px&#8221; module_alignment=&#8221;right&#8221; custom_padding=&#8221;15px||15px||false|false&#8221; text_line_height_tablet=&#8221;1.2em&#8221; text_line_height_phone=&#8221;&#8221; text_line_height_last_edited=&#8221;on|tablet&#8221; text_orientation_tablet=&#8221;center&#8221; text_orientation_phone=&#8221;center&#8221; text_orientation_last_edited=&#8221;on|tablet&#8221; module_alignment_tablet=&#8221;center&#8221; module_alignment_phone=&#8221;&#8221; module_alignment_last_edited=&#8221;on|tablet&#8221;]<span style=\"font-family: 'Kumbh Sans', sans-serif;\">Comit\u00e9 de sustentabilidade<\/span>[\/et_pb_text][et_pb_text _builder_version=&#8221;4.0.5&#8243; text_text_color=&#8221;#ffffff&#8221; text_font_size=&#8221;18px&#8221; max_width=&#8221;480px&#8221; module_alignment=&#8221;right&#8221; module_alignment_tablet=&#8221;center&#8221; module_alignment_phone=&#8221;center&#8221; module_alignment_last_edited=&#8221;on|tablet&#8221;]<\/p>\n<p>Para realizar este ambicioso proxecto, o primeiro paso foi crear un comit\u00e9 de sustentabilidade liderado polo prestixioso naturalista Jose Luis Gallego.<\/p>\n<p>[\/et_pb_text][\/et_pb_column][et_pb_column type=&#8221;1_2&#8243; _builder_version=&#8221;4.0.5&#8243;][et_pb_image src=&#8221;https:\/\/www.nomenearth.es\/wp-content\/uploads\/2021\/02\/2020-comite-sostenibilidad.png&#8221; align_tablet=&#8221;center&#8221; align_phone=&#8221;&#8221; align_last_edited=&#8221;on|desktop&#8221; _builder_version=&#8221;4.0.5&#8243;][\/et_pb_image][\/et_pb_column][\/et_pb_row][\/et_pb_section][et_pb_section fb_built=&#8221;1&#8243; admin_label=&#8221;Secci\u00f3n &#8211; Concurso&#8221; _builder_version=&#8221;4.0.5&#8243; da_disable_devices=&#8221;off|off|off&#8221; da_is_popup=&#8221;off&#8221; da_exit_intent=&#8221;off&#8221; da_has_close=&#8221;on&#8221; da_alt_close=&#8221;off&#8221; da_dark_close=&#8221;off&#8221; da_not_modal=&#8221;on&#8221; da_is_singular=&#8221;off&#8221; da_with_loader=&#8221;off&#8221; da_has_shadow=&#8221;on&#8221;][et_pb_row _builder_version=&#8221;4.0.5&#8243;][et_pb_column type=&#8221;4_4&#8243; _builder_version=&#8221;4.0.5&#8243;][et_pb_text _builder_version=&#8221;4.0.5&#8243; text_font=&#8221;|600|||||||&#8221; text_text_color=&#8221;#316335&#8243; text_font_size=&#8221;36px&#8221; text_line_height=&#8221;1.2em&#8221; text_orientation=&#8221;center&#8221;]<span style=\"font-family: 'Kumbh Sans', sans-serif;\">Concurso de embalaxe:<br \/>\nm\u00e1is de 1.000 dese\u00f1os recibidos<\/span>[\/et_pb_text][et_pb_text _builder_version=&#8221;4.0.5&#8243; text_text_color=&#8221;#404040&#8243; text_font_size=&#8221;18px&#8221; text_line_height=&#8221;1.4em&#8221; text_orientation=&#8221;center&#8221; max_width=&#8221;990px&#8221; module_alignment=&#8221;center&#8221;]<\/p>\n<p><span style=\"color: #414141;\">O segundo paso foi organizar un concurso de ideas para a embalaxe de Nomen Earth a trav\u00e9s da web nomenearth.es, para que todo o mundo puidese enviar os seus dese\u00f1os e propo\u00f1er acci\u00f3ns medioambientais \u00e1s que destinar os beneficios. Unha iniciativa que ti\u00f1a como recompensa 1.000 \u20ac para o mellor dese\u00f1o e lotes de produtos para os participantes.<\/span><\/p>\n<p>[\/et_pb_text][et_pb_image src=&#8221;https:\/\/www.nomenearth.es\/wp-content\/uploads\/2021\/02\/2020-concurso-packaging.png&#8221; show_bottom_space=&#8221;off&#8221; align=&#8221;center&#8221; _builder_version=&#8221;4.0.5&#8243; custom_margin=&#8221;||||false|false&#8221; custom_padding=&#8221;60px||30px||false|false&#8221;][\/et_pb_image][et_pb_text _builder_version=&#8221;4.0.5&#8243; text_font=&#8221;|600|||||||&#8221; text_text_color=&#8221;#404040&#8243; text_font_size=&#8221;26px&#8221; text_orientation=&#8221;center&#8221;]<span style=\"font-family: 'Kumbh Sans', sans-serif;\">DESE\u00d1O GA\u00d1ADOR: Noelia Medina S\u00e1nchez<\/span>[\/et_pb_text][\/et_pb_column][\/et_pb_row][\/et_pb_section][et_pb_section fb_built=&#8221;1&#8243; admin_label=&#8221;Secci\u00f3n &#8211; Acciones ambientales&#8221; _builder_version=&#8221;4.0.5&#8243; background_color=&#8221;#e8e8e8&#8243; da_disable_devices=&#8221;off|off|off&#8221; da_is_popup=&#8221;off&#8221; da_exit_intent=&#8221;off&#8221; da_has_close=&#8221;on&#8221; da_alt_close=&#8221;off&#8221; da_dark_close=&#8221;off&#8221; da_not_modal=&#8221;on&#8221; da_is_singular=&#8221;off&#8221; da_with_loader=&#8221;off&#8221; da_has_shadow=&#8221;on&#8221;][et_pb_row _builder_version=&#8221;4.0.5&#8243;][et_pb_column type=&#8221;4_4&#8243; _builder_version=&#8221;4.0.5&#8243;][et_pb_text _builder_version=&#8221;4.0.5&#8243; text_font=&#8221;|600|||||||&#8221; text_text_color=&#8221;#316335&#8243; text_font_size=&#8221;36px&#8221; text_line_height=&#8221;1.2em&#8221; text_orientation=&#8221;center&#8221;]<span style=\"font-family: 'Kumbh Sans', sans-serif;\">Acci\u00f3ns medioambientais:<br \/>\nm\u00e1is de 5.000 propostas<\/span>[\/et_pb_text][et_pb_text _builder_version=&#8221;4.0.5&#8243; text_text_color=&#8221;#404040&#8243; text_font_size=&#8221;18px&#8221; text_line_height=&#8221;1.4em&#8221; text_orientation=&#8221;center&#8221; max_width=&#8221;960px&#8221; module_alignment=&#8221;center&#8221;]<\/p>\n<p><span style=\"color: #414141;\">Entre as m\u00e1is de 5.000 acci\u00f3ns medioambientais propostas polos usuarios, o comit\u00e9 de sustentabilidade escolmou 8 para sometelas a votaci\u00f3n popular a trav\u00e9s da web.<\/span><\/p>\n<p>[\/et_pb_text][et_pb_image src=&#8221;https:\/\/www.nomenearth.es\/wp-content\/uploads\/2021\/02\/2020-propuestas-medioambiente.png&#8221; align=&#8221;center&#8221; _builder_version=&#8221;4.0.5&#8243; custom_padding=&#8221;40px||50px||false|false&#8221;][\/et_pb_image][et_pb_text _builder_version=&#8221;4.0.5&#8243; text_font=&#8221;|600|||||||&#8221; text_text_color=&#8221;#404040&#8243; text_font_size=&#8221;22px&#8221; text_orientation=&#8221;center&#8221;]<span style=\"font-family: 'Kumbh Sans', sans-serif;\">O 100% dos beneficios destinarase \u00e1 recuperaci\u00f3n do Mar Menor<br \/>\n<\/span>[\/et_pb_text][et_pb_text _builder_version=&#8221;4.0.5&#8243; text_text_color=&#8221;#404040&#8243; text_font_size=&#8221;18px&#8221; text_line_height=&#8221;1.4em&#8221; text_orientation=&#8221;center&#8221; max_width=&#8221;960px&#8221; module_alignment=&#8221;center&#8221;]<\/p>\n<p><span style=\"color: #414141;\">Unha vez pechado o proceso de votaci\u00f3n, os consumidores decidiron que os beneficios da gama Nomen Earth deb\u00edan destinarse \u00e1 recuperaci\u00f3n da biodiversidade e dos ecosistemas do Mar Menor.<\/span><\/p>\n<p>[\/et_pb_text][\/et_pb_column][\/et_pb_row][\/et_pb_section][et_pb_section fb_built=&#8221;1&#8243; admin_label=&#8221;Secci\u00f3n &#8211; Recaudaci\u00f3n&#8221; _builder_version=&#8221;4.0.5&#8243; da_disable_devices=&#8221;off|off|off&#8221; da_is_popup=&#8221;off&#8221; da_exit_intent=&#8221;off&#8221; da_has_close=&#8221;on&#8221; da_alt_close=&#8221;off&#8221; da_dark_close=&#8221;off&#8221; da_not_modal=&#8221;on&#8221; da_is_singular=&#8221;off&#8221; da_with_loader=&#8221;off&#8221; da_has_shadow=&#8221;on&#8221;][et_pb_row _builder_version=&#8221;4.0.5&#8243;][et_pb_column type=&#8221;4_4&#8243; _builder_version=&#8221;4.0.5&#8243;][et_pb_text _builder_version=&#8221;4.0.5&#8243; text_font=&#8221;|600|||||||&#8221; text_text_color=&#8221;#316335&#8243; text_font_size=&#8221;36px&#8221; text_line_height=&#8221;1.2em&#8221; text_orientation=&#8221;center&#8221;]<span style=\"font-family: 'Kumbh Sans', sans-serif;\">25.000 \u20ac recadados<\/span>[\/et_pb_text][et_pb_text _builder_version=&#8221;4.0.5&#8243; text_text_color=&#8221;#404040&#8243; text_font_size=&#8221;18px&#8221; text_line_height=&#8221;1.4em&#8221; text_orientation=&#8221;center&#8221; max_width=&#8221;928px&#8221; module_alignment=&#8221;center&#8221; hover_enabled=&#8221;0&#8243;]<\/p>\n<p><span style=\"color: #414141;\">Os 25.000\u00a0\u20ac recadados coas vendas do arroz Nomen Earth destinaranse a un dos proxectos prioritarios <span style=\"color:#316335;\">da asociaci\u00f3n de naturalistas ANSE no Mar Menor<\/span>: a recuperaci\u00f3n da biodiversidade acu\u00e1tica nas salinas de Marchamalo ou o tratamento, a trav\u00e9s dun filtro verde, das augas con elevado contido de nitratos de orixe agr\u00edcola que chegan \u00e1 lagoa.<\/span><\/p>\n<p>[\/et_pb_text][et_pb_image src=&#8221;https:\/\/www.nomenearth.es\/wp-content\/uploads\/2021\/02\/2020-dinero-recaudad.png&#8221; align=&#8221;center&#8221; disabled_on=&#8221;on|on|on&#8221; _builder_version=&#8221;4.0.5&#8243; custom_padding=&#8221;40px||50px||false|false&#8221; disabled=&#8221;on&#8221;][\/et_pb_image][et_pb_video src=&#8221;https:\/\/www.nomenearth.es\/wp-content\/uploads\/2021\/07\/Nomen-Earth-Murcia.mp4&#8243; thumbnail_overlay_color=&#8221;rgba(0,0,0,0.6)&#8221; _builder_version=&#8221;4.0.5&#8243; custom_padding=&#8221;40px||50px||false|false&#8221; locked=&#8221;off&#8221;][\/et_pb_video][\/et_pb_column][\/et_pb_row][\/et_pb_section]<\/p>\n","protected":false},"excerpt":{"rendered":"<p>EDICI\u00d3NS ANTERIORESPrimeira edici\u00f3n de Nomen Earth (2019-2020)A iniciativa Nomen Earth naceu en 2019 co prop\u00f3sito de unir esforzos a favor do medio ambiente, crear un produto de todos para todos, investindo o 100% dos beneficios obtidos das s\u00faas vendas en financiar acci\u00f3ns a prol do medio ambiente.Como o fixemos?Comit\u00e9 de sustentabilidadePara realizar este ambicioso proxecto, [&hellip;]<\/p>\n","protected":false},"author":1,"featured_media":8442,"parent":0,"menu_order":0,"comment_status":"closed","ping_status":"closed","template":"","meta":{"_et_pb_use_builder":"on","_et_pb_old_content":"","_et_gb_content_width":"","footnotes":""},"class_list":["post-8491","page","type-page","status-publish","has-post-thumbnail","hentry"],"yoast_head":"<!-- This site is optimized with the Yoast SEO plugin v27.4 - https:\/\/yoast.com\/product\/yoast-seo-wordpress\/ -->\n<title>Edici\u00f3ns anteriores - Nomen Earth<\/title>\n<meta name=\"robots\" content=\"index, follow, max-snippet:-1, max-image-preview:large, max-video-preview:-1\" \/>\n<link rel=\"canonical\" href=\"https:\/\/www.nomenearth.es\/gl\/edicions-anteriores\/\" \/>\n<meta property=\"og:locale\" content=\"gl_ES\" \/>\n<meta property=\"og:type\" content=\"article\" \/>\n<meta property=\"og:title\" content=\"Edici\u00f3ns anteriores - Nomen Earth\" \/>\n<meta property=\"og:description\" content=\"EDICI\u00d3NS ANTERIORESPrimeira edici\u00f3n de Nomen Earth (2019-2020)A iniciativa Nomen Earth naceu en 2019 co prop\u00f3sito de unir esforzos a favor do medio ambiente, crear un produto de todos para todos, investindo o 100% dos beneficios obtidos das s\u00faas vendas en financiar acci\u00f3ns a prol do medio ambiente.Como o fixemos?Comit\u00e9 de sustentabilidadePara realizar este ambicioso proxecto, [&hellip;]\" \/>\n<meta property=\"og:url\" content=\"https:\/\/www.nomenearth.es\/gl\/edicions-anteriores\/\" \/>\n<meta property=\"og:site_name\" content=\"Nomen Earth\" \/>\n<meta property=\"article:modified_time\" content=\"2021-07-05T14:43:57+00:00\" \/>\n<meta property=\"og:image\" content=\"https:\/\/www.nomenearth.es\/wp-content\/uploads\/2021\/02\/2020-propuestas-medioambiente.png\" \/>\n\t<meta property=\"og:image:width\" content=\"752\" \/>\n\t<meta property=\"og:image:height\" content=\"411\" \/>\n\t<meta property=\"og:image:type\" content=\"image\/png\" \/>\n<meta name=\"twitter:card\" content=\"summary_large_image\" \/>\n<meta name=\"twitter:label1\" content=\"Tempo de lectura\" \/>\n\t<meta name=\"twitter:data1\" content=\"7 minutos\" \/>\n<script type=\"application\/ld+json\" class=\"yoast-schema-graph\">{\"@context\":\"https:\\\/\\\/schema.org\",\"@graph\":[{\"@type\":\"WebPage\",\"@id\":\"https:\\\/\\\/www.nomenearth.es\\\/gl\\\/edicions-anteriores\\\/\",\"url\":\"https:\\\/\\\/www.nomenearth.es\\\/gl\\\/edicions-anteriores\\\/\",\"name\":\"Edici\u00f3ns anteriores - Nomen Earth\",\"isPartOf\":{\"@id\":\"https:\\\/\\\/www.nomenearth.es\\\/#website\"},\"primaryImageOfPage\":{\"@id\":\"https:\\\/\\\/www.nomenearth.es\\\/gl\\\/edicions-anteriores\\\/#primaryimage\"},\"image\":{\"@id\":\"https:\\\/\\\/www.nomenearth.es\\\/gl\\\/edicions-anteriores\\\/#primaryimage\"},\"thumbnailUrl\":\"https:\\\/\\\/www.nomenearth.es\\\/wp-content\\\/uploads\\\/2021\\\/02\\\/2020-propuestas-medioambiente.png\",\"datePublished\":\"2021-02-25T16:14:09+00:00\",\"dateModified\":\"2021-07-05T14:43:57+00:00\",\"breadcrumb\":{\"@id\":\"https:\\\/\\\/www.nomenearth.es\\\/gl\\\/edicions-anteriores\\\/#breadcrumb\"},\"inLanguage\":\"gl-ES\",\"potentialAction\":[{\"@type\":\"ReadAction\",\"target\":[\"https:\\\/\\\/www.nomenearth.es\\\/gl\\\/edicions-anteriores\\\/\"]}]},{\"@type\":\"ImageObject\",\"inLanguage\":\"gl-ES\",\"@id\":\"https:\\\/\\\/www.nomenearth.es\\\/gl\\\/edicions-anteriores\\\/#primaryimage\",\"url\":\"https:\\\/\\\/www.nomenearth.es\\\/wp-content\\\/uploads\\\/2021\\\/02\\\/2020-propuestas-medioambiente.png\",\"contentUrl\":\"https:\\\/\\\/www.nomenearth.es\\\/wp-content\\\/uploads\\\/2021\\\/02\\\/2020-propuestas-medioambiente.png\",\"width\":752,\"height\":411},{\"@type\":\"BreadcrumbList\",\"@id\":\"https:\\\/\\\/www.nomenearth.es\\\/gl\\\/edicions-anteriores\\\/#breadcrumb\",\"itemListElement\":[{\"@type\":\"ListItem\",\"position\":1,\"name\":\"Portada\",\"item\":\"https:\\\/\\\/www.nomenearth.es\\\/\"},{\"@type\":\"ListItem\",\"position\":2,\"name\":\"Edici\u00f3ns anteriores\"}]},{\"@type\":\"WebSite\",\"@id\":\"https:\\\/\\\/www.nomenearth.es\\\/#website\",\"url\":\"https:\\\/\\\/www.nomenearth.es\\\/\",\"name\":\"Nomen Earth\",\"description\":\"#Comprom\u00e9teteConNomen\",\"potentialAction\":[{\"@type\":\"SearchAction\",\"target\":{\"@type\":\"EntryPoint\",\"urlTemplate\":\"https:\\\/\\\/www.nomenearth.es\\\/?s={search_term_string}\"},\"query-input\":{\"@type\":\"PropertyValueSpecification\",\"valueRequired\":true,\"valueName\":\"search_term_string\"}}],\"inLanguage\":\"gl-ES\"}]}<\/script>\n<!-- \/ Yoast SEO plugin. -->","yoast_head_json":{"title":"Edici\u00f3ns anteriores - Nomen Earth","robots":{"index":"index","follow":"follow","max-snippet":"max-snippet:-1","max-image-preview":"max-image-preview:large","max-video-preview":"max-video-preview:-1"},"canonical":"https:\/\/www.nomenearth.es\/gl\/edicions-anteriores\/","og_locale":"gl_ES","og_type":"article","og_title":"Edici\u00f3ns anteriores - Nomen Earth","og_description":"EDICI\u00d3NS ANTERIORESPrimeira edici\u00f3n de Nomen Earth (2019-2020)A iniciativa Nomen Earth naceu en 2019 co prop\u00f3sito de unir esforzos a favor do medio ambiente, crear un produto de todos para todos, investindo o 100% dos beneficios obtidos das s\u00faas vendas en financiar acci\u00f3ns a prol do medio ambiente.Como o fixemos?Comit\u00e9 de sustentabilidadePara realizar este ambicioso proxecto, [&hellip;]","og_url":"https:\/\/www.nomenearth.es\/gl\/edicions-anteriores\/","og_site_name":"Nomen Earth","article_modified_time":"2021-07-05T14:43:57+00:00","og_image":[{"width":752,"height":411,"url":"https:\/\/www.nomenearth.es\/wp-content\/uploads\/2021\/02\/2020-propuestas-medioambiente.png","type":"image\/png"}],"twitter_card":"summary_large_image","twitter_misc":{"Tempo de lectura":"7 minutos"},"schema":{"@context":"https:\/\/schema.org","@graph":[{"@type":"WebPage","@id":"https:\/\/www.nomenearth.es\/gl\/edicions-anteriores\/","url":"https:\/\/www.nomenearth.es\/gl\/edicions-anteriores\/","name":"Edici\u00f3ns anteriores - Nomen Earth","isPartOf":{"@id":"https:\/\/www.nomenearth.es\/#website"},"primaryImageOfPage":{"@id":"https:\/\/www.nomenearth.es\/gl\/edicions-anteriores\/#primaryimage"},"image":{"@id":"https:\/\/www.nomenearth.es\/gl\/edicions-anteriores\/#primaryimage"},"thumbnailUrl":"https:\/\/www.nomenearth.es\/wp-content\/uploads\/2021\/02\/2020-propuestas-medioambiente.png","datePublished":"2021-02-25T16:14:09+00:00","dateModified":"2021-07-05T14:43:57+00:00","breadcrumb":{"@id":"https:\/\/www.nomenearth.es\/gl\/edicions-anteriores\/#breadcrumb"},"inLanguage":"gl-ES","potentialAction":[{"@type":"ReadAction","target":["https:\/\/www.nomenearth.es\/gl\/edicions-anteriores\/"]}]},{"@type":"ImageObject","inLanguage":"gl-ES","@id":"https:\/\/www.nomenearth.es\/gl\/edicions-anteriores\/#primaryimage","url":"https:\/\/www.nomenearth.es\/wp-content\/uploads\/2021\/02\/2020-propuestas-medioambiente.png","contentUrl":"https:\/\/www.nomenearth.es\/wp-content\/uploads\/2021\/02\/2020-propuestas-medioambiente.png","width":752,"height":411},{"@type":"BreadcrumbList","@id":"https:\/\/www.nomenearth.es\/gl\/edicions-anteriores\/#breadcrumb","itemListElement":[{"@type":"ListItem","position":1,"name":"Portada","item":"https:\/\/www.nomenearth.es\/"},{"@type":"ListItem","position":2,"name":"Edici\u00f3ns anteriores"}]},{"@type":"WebSite","@id":"https:\/\/www.nomenearth.es\/#website","url":"https:\/\/www.nomenearth.es\/","name":"Nomen Earth","description":"#Comprom\u00e9teteConNomen","potentialAction":[{"@type":"SearchAction","target":{"@type":"EntryPoint","urlTemplate":"https:\/\/www.nomenearth.es\/?s={search_term_string}"},"query-input":{"@type":"PropertyValueSpecification","valueRequired":true,"valueName":"search_term_string"}}],"inLanguage":"gl-ES"}]}},"_links":{"self":[{"href":"https:\/\/www.nomenearth.es\/gl\/wp-json\/wp\/v2\/pages\/8491","targetHints":{"allow":["GET"]}}],"collection":[{"href":"https:\/\/www.nomenearth.es\/gl\/wp-json\/wp\/v2\/pages"}],"about":[{"href":"https:\/\/www.nomenearth.es\/gl\/wp-json\/wp\/v2\/types\/page"}],"author":[{"embeddable":true,"href":"https:\/\/www.nomenearth.es\/gl\/wp-json\/wp\/v2\/users\/1"}],"replies":[{"embeddable":true,"href":"https:\/\/www.nomenearth.es\/gl\/wp-json\/wp\/v2\/comments?post=8491"}],"version-history":[{"count":8,"href":"https:\/\/www.nomenearth.es\/gl\/wp-json\/wp\/v2\/pages\/8491\/revisions"}],"predecessor-version":[{"id":11796,"href":"https:\/\/www.nomenearth.es\/gl\/wp-json\/wp\/v2\/pages\/8491\/revisions\/11796"}],"wp:featuredmedia":[{"embeddable":true,"href":"https:\/\/www.nomenearth.es\/gl\/wp-json\/wp\/v2\/media\/8442"}],"wp:attachment":[{"href":"https:\/\/www.nomenearth.es\/gl\/wp-json\/wp\/v2\/media?parent=8491"}],"curies":[{"name":"wp","href":"https:\/\/api.w.org\/{rel}","templated":true}]}}