{"id":6048,"date":"2020-02-05T18:22:22","date_gmt":"2020-02-05T17:22:22","guid":{"rendered":"https:\/\/www.nomenearth.es\/home\/"},"modified":"2026-01-28T11:21:00","modified_gmt":"2026-01-28T10:21:00","slug":"home","status":"publish","type":"page","link":"https:\/\/www.nomenearth.es\/gl\/","title":{"rendered":"Home"},"content":{"rendered":"<p>[et_pb_section fb_built=&#8221;1&#8243; module_id=&#8221;home-s1&#8243; module_class=&#8221;home-s1&#8243; _builder_version=&#8221;4.16&#8243; background_image=&#8221;https:\/\/www.nomenearth.es\/wp-content\/uploads\/2021\/01\/background-slider-2021.jpg&#8221; custom_margin_tablet=&#8221;&#8221; custom_margin_phone=&#8221;&#8221; custom_margin_last_edited=&#8221;on|tablet&#8221; custom_padding=&#8221;180px||||false|false&#8221; da_disable_devices=&#8221;off|off|off&#8221; global_colors_info=&#8221;{}&#8221; da_is_popup=&#8221;off&#8221; da_exit_intent=&#8221;off&#8221; da_has_close=&#8221;on&#8221; da_alt_close=&#8221;off&#8221; da_dark_close=&#8221;off&#8221; da_not_modal=&#8221;on&#8221; da_is_singular=&#8221;off&#8221; da_with_loader=&#8221;off&#8221; da_has_shadow=&#8221;on&#8221;][et_pb_row _builder_version=&#8221;4.16&#8243; global_colors_info=&#8221;{}&#8221;][et_pb_column type=&#8221;4_4&#8243; _builder_version=&#8221;4.16&#8243; global_colors_info=&#8221;{}&#8221;][et_pb_image src=&#8221;https:\/\/www.nomenearth.es\/wp-content\/uploads\/2021\/08\/NOMEN-EARTH-PACKAGING-HOME.png&#8221; align=&#8221;center&#8221; admin_label=&#8221;Imagen: disseny guanyador&#8221; _builder_version=&#8221;4.16&#8243; max_width=&#8221;870px&#8221; custom_padding_tablet=&#8221;80px||||false|false&#8221; custom_padding_phone=&#8221;0px||||false|false&#8221; custom_padding_last_edited=&#8221;on|phone&#8221; animation_style=&#8221;fade&#8221; global_colors_info=&#8221;{}&#8221;][\/et_pb_image][et_pb_text admin_label=&#8221;Texto: NUEVO PAQUETE NOMEN EARTH 2021&#8243; module_class=&#8221;text-ya-tenemos&#8221; _builder_version=&#8221;4.16&#8243; text_font=&#8221;||||||||&#8221; text_text_color=&#8221;#4c340d&#8221; text_font_size=&#8221;18px&#8221; text_line_height=&#8221;1.8em&#8221; text_orientation=&#8221;center&#8221; max_width=&#8221;100%&#8221; module_alignment=&#8221;left&#8221; custom_margin=&#8221;||40px|||&#8221; custom_padding=&#8221;|15px||15px|false|false&#8221; global_colors_info=&#8221;{}&#8221;]<\/p>\n<p><span style=\"color: #4c340d; font-weight: bold; font-size: 46px;\">NUEVO PAQUETE NOMEN EARTH 2021<\/span><\/p>\n<p><\/p>\n<p><span style=\"color: #4c340d; font-weight: bold; font-size: 30px;\">YA EN TU SUPERMERCADO<\/span><\/p>\n<p>[\/et_pb_text][et_pb_button button_url=&#8221;https:\/\/www.nomenearth.es\/arroz-nomen-earth-solidario\/&#8221; button_text=&#8221;D\u00d3NDE COMPRAR&#8221; button_alignment=&#8221;center&#8221; _builder_version=&#8221;4.16&#8243; custom_button=&#8221;on&#8221; button_text_color=&#8221;#316335&#8243; global_colors_info=&#8221;{}&#8221;][\/et_pb_button][\/et_pb_column][\/et_pb_row][\/et_pb_section][et_pb_section fb_built=&#8221;1&#8243; admin_label=&#8221;Que \u00e9s nomenearth + video&#8221; _builder_version=&#8221;4.16&#8243; background_color=&#8221;#ffffff&#8221; da_disable_devices=&#8221;off|off|off&#8221; locked=&#8221;off&#8221; global_colors_info=&#8221;{}&#8221; da_is_popup=&#8221;off&#8221; da_exit_intent=&#8221;off&#8221; da_has_close=&#8221;on&#8221; da_alt_close=&#8221;off&#8221; da_dark_close=&#8221;off&#8221; da_not_modal=&#8221;on&#8221; da_is_singular=&#8221;off&#8221; da_with_loader=&#8221;off&#8221; da_has_shadow=&#8221;on&#8221;][et_pb_row module_class=&#8221;home_nomen-video&#8221; _builder_version=&#8221;4.21.0&#8243; hover_enabled=&#8221;0&#8243; global_colors_info=&#8221;{}&#8221; sticky_enabled=&#8221;0&#8243; max_width=&#8221;500px&#8221; module_alignment=&#8221;center&#8221;][et_pb_column type=&#8221;4_4&#8243; _builder_version=&#8221;4.16&#8243; custom_padding_tablet=&#8221;50px||50px||false|false&#8221; custom_padding_phone=&#8221;40px||40px||false|false&#8221; custom_padding_last_edited=&#8221;on|phone&#8221; global_colors_info=&#8221;{}&#8221;][et_pb_text _builder_version=&#8221;4.21.0&#8243; hover_enabled=&#8221;0&#8243; global_colors_info=&#8221;{}&#8221; module_alignment=&#8221;center&#8221; sticky_enabled=&#8221;0&#8243; text_orientation=&#8221;center&#8221; header_text_align=&#8221;center&#8221; header_2_text_align=&#8221;center&#8221;]<\/p>\n<h1 class=\"p-h1\" style=\"font-weight:bold; justify-content:center;\">QUE \u00c9 NOMEN EARTH?<\/h1>\n<p><\/p>\n<p>Nomen Earth nace co obxectivo de devolver \u00e1 terra o moito que nos da.<br \/>\n\u00c9 un produto da terra e pola terra co que nos comprometemos a investir o 100% dos beneficios xerados polas vendas a financiar acci\u00f3ns a favor do medio ambiente.<\/p>\n<p>[\/et_pb_text][et_pb_button button_url=&#8221;@ET-DC@eyJkeW5hbWljIjp0cnVlLCJjb250ZW50IjoicG9zdF9saW5rX3VybF9wYWdlIiwic2V0dGluZ3MiOnsicG9zdF9pZCI6IjIwNDIifX0=@&#8221; button_text=&#8221;Desc\u00fabreo&#8221; button_alignment=&#8221;center&#8221; _builder_version=&#8221;4.21.0&#8243; _dynamic_attributes=&#8221;button_url&#8221; custom_button=&#8221;on&#8221; button_text_size=&#8221;16px&#8221; button_text_color=&#8221;#ffffff&#8221; button_bg_color=&#8221;#316335&#8243; button_border_width=&#8221;0px&#8221; button_border_radius=&#8221;5px&#8221; button_font=&#8221;|||on|||||&#8221; button_use_icon=&#8221;off&#8221; hover_enabled=&#8221;0&#8243; locked=&#8221;off&#8221; global_colors_info=&#8221;{}&#8221; button_bg_color__hover_enabled=&#8221;on|hover&#8221; button_bg_color__hover=&#8221;rgba(49,99,53,0.77)&#8221; button_bg_enable_color__hover=&#8221;on&#8221; sticky_enabled=&#8221;0&#8243;][\/et_pb_button][\/et_pb_column][\/et_pb_row][\/et_pb_section][et_pb_section fb_built=&#8221;1&#8243; admin_label=&#8221;Secci\u00f3n sostenibilidad&#8221; module_class=&#8221;home_sostenibilidad&#8221; _builder_version=&#8221;4.16&#8243; background_image=&#8221;https:\/\/www.nomenearth.es\/wp-content\/uploads\/2019\/12\/Group-8-1-1.png&#8221; da_disable_devices=&#8221;off|off|off&#8221; collapsed=&#8221;off&#8221; global_colors_info=&#8221;{}&#8221; da_is_popup=&#8221;off&#8221; da_exit_intent=&#8221;off&#8221; da_has_close=&#8221;on&#8221; da_alt_close=&#8221;off&#8221; da_dark_close=&#8221;off&#8221; da_not_modal=&#8221;on&#8221; da_is_singular=&#8221;off&#8221; da_with_loader=&#8221;off&#8221; da_has_shadow=&#8221;on&#8221;][et_pb_row _builder_version=&#8221;4.16&#8243; global_colors_info=&#8221;{}&#8221;][et_pb_column type=&#8221;4_4&#8243; _builder_version=&#8221;4.16&#8243; global_colors_info=&#8221;{}&#8221;][et_pb_text _builder_version=&#8221;4.16&#8243; global_colors_info=&#8221;{}&#8221;]<\/p>\n<h2 style=\"text-align: center;\">Sustentabilidade<\/h2>\n<p><\/p>\n<p style=\"text-align: center;\">Este proxecto, cuxo obxectivo \u00e9 axudar ao planeta grazas a unha serie de acci\u00f3ns a favor do medio ambiente destinadas a reducir a nosa pegada de carbono, est\u00e1 dirixido polo noso comit\u00e9 de sustentabilidade.<\/p>\n<p>[\/et_pb_text][et_pb_button button_url=&#8221;https:\/\/www.nomenearth.es\/gl\/sustentabilidade\/&#8221; button_text=&#8221;As nosas acci\u00f3ns&#8221; button_alignment=&#8221;center&#8221; _builder_version=&#8221;4.16&#8243; global_colors_info=&#8221;{}&#8221;][\/et_pb_button][\/et_pb_column][\/et_pb_row][\/et_pb_section][et_pb_section fb_built=&#8221;1&#8243; disabled_on=&#8221;on|on|on&#8221; admin_label=&#8221;Cantidad recaudada&#8221; module_class=&#8221;home_section_2&#8243; _builder_version=&#8221;4.16&#8243; da_disable_devices=&#8221;off|off|off&#8221; disabled=&#8221;on&#8221; collapsed=&#8221;on&#8221; global_colors_info=&#8221;{}&#8221; da_is_popup=&#8221;off&#8221; da_exit_intent=&#8221;off&#8221; da_has_close=&#8221;on&#8221; da_alt_close=&#8221;off&#8221; da_dark_close=&#8221;off&#8221; da_not_modal=&#8221;on&#8221; da_is_singular=&#8221;off&#8221; da_with_loader=&#8221;off&#8221; da_has_shadow=&#8221;on&#8221;][et_pb_row _builder_version=&#8221;4.16&#8243; global_colors_info=&#8221;{}&#8221;][et_pb_column type=&#8221;4_4&#8243; _builder_version=&#8221;4.16&#8243; global_colors_info=&#8221;{}&#8221;][et_pb_text _builder_version=&#8221;4.16&#8243; custom_margin=&#8221;||15px||false|false&#8221; custom_padding=&#8221;||||false|false&#8221; global_colors_info=&#8221;{}&#8221;]<\/p>\n<h2 style=\"text-align: center; color: #316335; margin-bottom: 0; padding-bottom: 0;\">Cantidade recadada<\/h2>\n<p><\/p>\n<p style=\"text-align: center;\">Beneficios acadados polas vendas realizadas a cadeas de supermercados.<\/p>\n<p>[\/et_pb_text][et_pb_text admin_label=&#8221;contador&#8221; module_id=&#8221;contador&#8221; _builder_version=&#8221;4.16&#8243; global_colors_info=&#8221;{}&#8221;]<iframe loading=\"lazy\" width=\"800\" height=\"300\" src=\"https:\/\/app.powerbi.com\/view?r=eyJrIjoiMTY3ODllNDEtZGZmZS00YmFmLTlmYjItM2VkY2NkNzBmODdhIiwidCI6ImRiNmUzYjEwLTBmOGUtNGIwMy04MjI0LTU4YzUwNWYwYTBjNiIsImMiOjl9\" frameborder=\"0\" allowFullScreen=\"true\"><\/iframe>[\/et_pb_text][et_pb_text _builder_version=&#8221;4.16&#8243; global_colors_info=&#8221;{}&#8221;]<\/p>\n<p style=\"text-align: center;\">O comit\u00e9 de sustentabilidade de Nomen Foods SL, baixo certificado de acta notarial, \u00e9 o encargado de auditar que os beneficios xerados e publicados sexan dedicados integramente \u00e1 causa que se determine unha vez pechada a fase de propostas dos participantes.<\/p>\n<p><\/p>\n<h3 style=\"text-align: center;\">Ax\u00fadanos a axudar<\/h3>\n<p>[\/et_pb_text][et_pb_button button_url=&#8221;#home_section_concurs&#8221; button_text=&#8221;Non quedes \u00e1 marxe!&#8221; button_alignment=&#8221;center&#8221; _builder_version=&#8221;4.16&#8243; global_colors_info=&#8221;{}&#8221;][\/et_pb_button][\/et_pb_column][\/et_pb_row][\/et_pb_section][et_pb_section fb_built=&#8221;1&#8243; admin_label=&#8221;El arroz Nomen Earth&#8221; module_class=&#8221;home_section_4&#8243; _builder_version=&#8221;4.16&#8243; da_disable_devices=&#8221;off|off|off&#8221; collapsed=&#8221;off&#8221; global_colors_info=&#8221;{}&#8221; da_is_popup=&#8221;off&#8221; da_exit_intent=&#8221;off&#8221; da_has_close=&#8221;on&#8221; da_alt_close=&#8221;off&#8221; da_dark_close=&#8221;off&#8221; da_not_modal=&#8221;on&#8221; da_is_singular=&#8221;off&#8221; da_with_loader=&#8221;off&#8221; da_has_shadow=&#8221;on&#8221;][et_pb_row _builder_version=&#8221;4.16&#8243; global_colors_info=&#8221;{}&#8221;][et_pb_column type=&#8221;4_4&#8243; _builder_version=&#8221;4.16&#8243; global_colors_info=&#8221;{}&#8221;][et_pb_text admin_label=&#8221;ya tenemos&#8230;&#8221; _builder_version=&#8221;4.16&#8243; custom_margin=&#8221;||16px|||&#8221; global_colors_info=&#8221;{}&#8221;]<\/p>\n<h2 style=\"text-align: center; color: #316335; font-size: 45px; font-weight: bold;\">E XA TEMOS CAUSAS FINALISTAS!<\/h2>\n<p>[\/et_pb_text][et_pb_text admin_label=&#8221;descripci\u00f3n&#8221; _builder_version=&#8221;4.16&#8243; max_width=&#8221;560px&#8221; module_alignment=&#8221;center&#8221; custom_margin=&#8221;0px||||false|false&#8221; custom_padding=&#8221;0px||||false|false&#8221; global_colors_info=&#8221;{}&#8221;]<\/p>\n<p style=\"text-align: center; color: #316335; font-size: 20px; font-weight: bold;line-height:1.2em\">Vota por unha das seis causas solidarias co planeta seleccionadas polo noso comit\u00e9 de sustentabilidade e participa nos nosos sorteos<\/p>\n<p>[\/et_pb_text][et_pb_button button_url=&#8221;@ET-DC@eyJkeW5hbWljIjp0cnVlLCJjb250ZW50IjoicG9zdF9saW5rX3VybF9wYWdlIiwic2V0dGluZ3MiOnsicG9zdF9pZCI6IjExMDAzIn19@&#8221; button_text=&#8221;PARA VOTAR, FAI CLIC AQU\u00cd&#8221; button_alignment=&#8221;center&#8221; button_alignment_tablet=&#8221;center&#8221; button_alignment_phone=&#8221;&#8221; button_alignment_last_edited=&#8221;on|desktop&#8221; admin_label=&#8221;Bot\u00f3n votar&#8221; _builder_version=&#8221;4.16&#8243; _dynamic_attributes=&#8221;button_url&#8221; custom_button=&#8221;on&#8221; button_text_color=&#8221;#ffffff&#8221; button_bg_color=&#8221;#468934&#8243; button_border_color=&#8221;#468934&#8243; button_border_radius=&#8221;24px&#8221; button_font=&#8221;|700|||||||&#8221; button_use_icon=&#8221;off&#8221; background_layout=&#8221;dark&#8221; custom_margin=&#8221;|15px|20px||false|false&#8221; custom_padding=&#8221;|15px||15px|false|false&#8221; custom_css_main_element=&#8221;font-family:&#8217;Kumbh Sans&#8217;, sans-serif;&#8221; locked=&#8221;off&#8221; global_colors_info=&#8221;{}&#8221;][\/et_pb_button][et_pb_text admin_label=&#8221;bases&#8221; _builder_version=&#8221;4.16&#8243; text_text_color=&#8221;#316335&#8243; text_font_size=&#8221;15px&#8221; text_orientation=&#8221;center&#8221; locked=&#8221;off&#8221; global_colors_info=&#8221;{}&#8221;]<a href=\"https:\/\/www.nomenearth.es\/wp-content\/uploads\/2021\/06\/bases-concurso-causas-finales-21-22.pdf\" target=\"_blank\" rel=\"attachment noopener wp-att-11593\"><span style=\"color: #316335;\">Bases del concurso<\/span><\/a>[\/et_pb_text][et_pb_image src=&#8221;https:\/\/www.nomenearth.es\/wp-content\/uploads\/2021\/06\/HEADER.png&#8221; align=&#8221;center&#8221; admin_label=&#8221;imagen reciclaje&#8221; _builder_version=&#8221;4.16&#8243; max_width=&#8221;900px&#8221; module_alignment=&#8221;center&#8221; custom_padding=&#8221;11px|||||&#8221; global_colors_info=&#8221;{}&#8221;][\/et_pb_image][\/et_pb_column][\/et_pb_row][\/et_pb_section]<\/p>\n","protected":false},"excerpt":{"rendered":"<p>NUEVO PAQUETE NOMEN EARTH 2021YA EN TU SUPERMERCADOQUE \u00c9 NOMEN EARTH?Nomen Earth nace co obxectivo de devolver \u00e1 terra o moito que nos da. \u00c9 un produto da terra e pola terra co que nos comprometemos a investir o 100% dos beneficios xerados polas vendas a financiar acci\u00f3ns a favor do medio ambiente.SustentabilidadeEste proxecto, cuxo [&hellip;]<\/p>\n","protected":false},"author":1,"featured_media":0,"parent":0,"menu_order":0,"comment_status":"closed","ping_status":"closed","template":"","meta":{"_et_pb_use_builder":"on","_et_pb_old_content":"","_et_gb_content_width":"","footnotes":""},"class_list":["post-6048","page","type-page","status-publish","hentry"],"yoast_head":"<!-- This site is optimized with the Yoast SEO plugin v27.6 - https:\/\/yoast.com\/product\/yoast-seo-wordpress\/ -->\n<title>Nomen Earth | De la tierra por la tierra | Nomen Foods<\/title>\n<meta name=\"description\" content=\"Nomen Earth es un proyecto con el que queremos que nos ayudes a compartir el firme compromiso de nuestra compa\u00f1\u00eda con el cuidado del planeta. \u00a1Inf\u00f3rmate!\" \/>\n<meta name=\"robots\" content=\"index, follow, max-snippet:-1, max-image-preview:large, max-video-preview:-1\" \/>\n<link rel=\"canonical\" href=\"https:\/\/www.nomenearth.es\/\" \/>\n<meta property=\"og:locale\" content=\"gl_ES\" \/>\n<meta property=\"og:type\" content=\"article\" \/>\n<meta property=\"og:title\" content=\"Nomen Earth | De la tierra por la tierra | Nomen Foods\" \/>\n<meta property=\"og:description\" content=\"Nomen Earth es un proyecto con el que queremos que nos ayudes a compartir el firme compromiso de nuestra compa\u00f1\u00eda con el cuidado del planeta. \u00a1Inf\u00f3rmate!\" \/>\n<meta property=\"og:url\" content=\"https:\/\/www.nomenearth.es\/\" \/>\n<meta property=\"og:site_name\" content=\"Nomen Earth\" \/>\n<meta property=\"article:modified_time\" content=\"2026-01-28T10:21:00+00:00\" \/>\n<meta name=\"twitter:card\" content=\"summary_large_image\" \/>\n<meta name=\"twitter:label1\" content=\"Tempo de lectura\" \/>\n\t<meta name=\"twitter:data1\" content=\"6 minutos\" \/>\n<script type=\"application\/ld+json\" class=\"yoast-schema-graph\">{\"@context\":\"https:\\\/\\\/schema.org\",\"@graph\":[{\"@type\":\"WebPage\",\"@id\":\"https:\\\/\\\/www.nomenearth.es\\\/\",\"url\":\"https:\\\/\\\/www.nomenearth.es\\\/\",\"name\":\"Nomen Earth | De la tierra por la tierra | Nomen Foods\",\"isPartOf\":{\"@id\":\"https:\\\/\\\/www.nomenearth.es\\\/#website\"},\"datePublished\":\"2020-02-05T17:22:22+00:00\",\"dateModified\":\"2026-01-28T10:21:00+00:00\",\"description\":\"Nomen Earth es un proyecto con el que queremos que nos ayudes a compartir el firme compromiso de nuestra compa\u00f1\u00eda con el cuidado del planeta. \u00a1Inf\u00f3rmate!\",\"breadcrumb\":{\"@id\":\"https:\\\/\\\/www.nomenearth.es\\\/#breadcrumb\"},\"inLanguage\":\"gl-ES\",\"potentialAction\":[{\"@type\":\"ReadAction\",\"target\":[\"https:\\\/\\\/www.nomenearth.es\\\/\"]}]},{\"@type\":\"BreadcrumbList\",\"@id\":\"https:\\\/\\\/www.nomenearth.es\\\/#breadcrumb\",\"itemListElement\":[{\"@type\":\"ListItem\",\"position\":1,\"name\":\"Portada\",\"item\":\"https:\\\/\\\/www.nomenearth.es\\\/\"},{\"@type\":\"ListItem\",\"position\":2,\"name\":\"Home\"}]},{\"@type\":\"WebSite\",\"@id\":\"https:\\\/\\\/www.nomenearth.es\\\/#website\",\"url\":\"https:\\\/\\\/www.nomenearth.es\\\/\",\"name\":\"Nomen Earth\",\"description\":\"#Comprom\u00e9teteConNomen\",\"potentialAction\":[{\"@type\":\"SearchAction\",\"target\":{\"@type\":\"EntryPoint\",\"urlTemplate\":\"https:\\\/\\\/www.nomenearth.es\\\/?s={search_term_string}\"},\"query-input\":{\"@type\":\"PropertyValueSpecification\",\"valueRequired\":true,\"valueName\":\"search_term_string\"}}],\"inLanguage\":\"gl-ES\"}]}<\/script>\n<!-- \/ Yoast SEO plugin. -->","yoast_head_json":{"title":"Nomen Earth | De la tierra por la tierra | Nomen Foods","description":"Nomen Earth es un proyecto con el que queremos que nos ayudes a compartir el firme compromiso de nuestra compa\u00f1\u00eda con el cuidado del planeta. \u00a1Inf\u00f3rmate!","robots":{"index":"index","follow":"follow","max-snippet":"max-snippet:-1","max-image-preview":"max-image-preview:large","max-video-preview":"max-video-preview:-1"},"canonical":"https:\/\/www.nomenearth.es\/","og_locale":"gl_ES","og_type":"article","og_title":"Nomen Earth | De la tierra por la tierra | Nomen Foods","og_description":"Nomen Earth es un proyecto con el que queremos que nos ayudes a compartir el firme compromiso de nuestra compa\u00f1\u00eda con el cuidado del planeta. \u00a1Inf\u00f3rmate!","og_url":"https:\/\/www.nomenearth.es\/","og_site_name":"Nomen Earth","article_modified_time":"2026-01-28T10:21:00+00:00","twitter_card":"summary_large_image","twitter_misc":{"Tempo de lectura":"6 minutos"},"schema":{"@context":"https:\/\/schema.org","@graph":[{"@type":"WebPage","@id":"https:\/\/www.nomenearth.es\/","url":"https:\/\/www.nomenearth.es\/","name":"Nomen Earth | De la tierra por la tierra | Nomen Foods","isPartOf":{"@id":"https:\/\/www.nomenearth.es\/#website"},"datePublished":"2020-02-05T17:22:22+00:00","dateModified":"2026-01-28T10:21:00+00:00","description":"Nomen Earth es un proyecto con el que queremos que nos ayudes a compartir el firme compromiso de nuestra compa\u00f1\u00eda con el cuidado del planeta. \u00a1Inf\u00f3rmate!","breadcrumb":{"@id":"https:\/\/www.nomenearth.es\/#breadcrumb"},"inLanguage":"gl-ES","potentialAction":[{"@type":"ReadAction","target":["https:\/\/www.nomenearth.es\/"]}]},{"@type":"BreadcrumbList","@id":"https:\/\/www.nomenearth.es\/#breadcrumb","itemListElement":[{"@type":"ListItem","position":1,"name":"Portada","item":"https:\/\/www.nomenearth.es\/"},{"@type":"ListItem","position":2,"name":"Home"}]},{"@type":"WebSite","@id":"https:\/\/www.nomenearth.es\/#website","url":"https:\/\/www.nomenearth.es\/","name":"Nomen Earth","description":"#Comprom\u00e9teteConNomen","potentialAction":[{"@type":"SearchAction","target":{"@type":"EntryPoint","urlTemplate":"https:\/\/www.nomenearth.es\/?s={search_term_string}"},"query-input":{"@type":"PropertyValueSpecification","valueRequired":true,"valueName":"search_term_string"}}],"inLanguage":"gl-ES"}]}},"_links":{"self":[{"href":"https:\/\/www.nomenearth.es\/gl\/wp-json\/wp\/v2\/pages\/6048","targetHints":{"allow":["GET"]}}],"collection":[{"href":"https:\/\/www.nomenearth.es\/gl\/wp-json\/wp\/v2\/pages"}],"about":[{"href":"https:\/\/www.nomenearth.es\/gl\/wp-json\/wp\/v2\/types\/page"}],"author":[{"embeddable":true,"href":"https:\/\/www.nomenearth.es\/gl\/wp-json\/wp\/v2\/users\/1"}],"replies":[{"embeddable":true,"href":"https:\/\/www.nomenearth.es\/gl\/wp-json\/wp\/v2\/comments?post=6048"}],"version-history":[{"count":92,"href":"https:\/\/www.nomenearth.es\/gl\/wp-json\/wp\/v2\/pages\/6048\/revisions"}],"predecessor-version":[{"id":12010,"href":"https:\/\/www.nomenearth.es\/gl\/wp-json\/wp\/v2\/pages\/6048\/revisions\/12010"}],"wp:attachment":[{"href":"https:\/\/www.nomenearth.es\/gl\/wp-json\/wp\/v2\/media?parent=6048"}],"curies":[{"name":"wp","href":"https:\/\/api.w.org\/{rel}","templated":true}]}}