{"id":6044,"date":"2020-02-05T18:06:08","date_gmt":"2020-02-05T17:06:08","guid":{"rendered":"https:\/\/www.nomenearth.es\/sustentabilidade\/"},"modified":"2020-02-05T18:06:10","modified_gmt":"2020-02-05T17:06:10","slug":"sustentabilidade","status":"publish","type":"page","link":"https:\/\/www.nomenearth.es\/gl\/sustentabilidade\/","title":{"rendered":"Sustentabilidade"},"content":{"rendered":"<p>[et_pb_section fb_built=&#8221;1&#8243; admin_label=&#8221;section 0&#8243; module_class=&#8221;section-title-intro&#8221; _builder_version=&#8221;4.0.5&#8243; background_image=&#8221;https:\/\/www.nomenearth.es\/wp-content\/uploads\/2019\/12\/landscape-P2SRD8P.png&#8221; custom_margin=&#8221;||||false|false&#8221; collapsed=&#8221;off&#8221;][et_pb_row _builder_version=&#8221;4.0.5&#8243;][et_pb_column type=&#8221;4_4&#8243; _builder_version=&#8221;4.0.5&#8243;][et_pb_text _builder_version=&#8221;4.0.5&#8243;]<\/p>\n<h1 style=\"text-align: center;\">Descubre o noso compromiso co medio ambiente<\/h1>\n<p>[\/et_pb_text][\/et_pb_column][\/et_pb_row][\/et_pb_section][et_pb_section fb_built=&#8221;1&#8243; admin_label=&#8221;section 1&#8243; module_class=&#8221;sostenibilidad_section_1&#8243; _builder_version=&#8221;4.0.5&#8243; background_image=&#8221;https:\/\/www.nomenearth.es\/wp-content\/uploads\/2019\/12\/17.png&#8221; background_size=&#8221;initial&#8221; background_position=&#8221;bottom_right&#8221; hover_enabled=&#8221;0&#8243; background_last_edited=&#8221;on|desktop&#8221; background_enable_image_tablet=&#8221;off&#8221; collapsed=&#8221;off&#8221; background_color=&#8221;#eaeaea&#8221;][et_pb_row column_structure=&#8221;1_2,1_2&#8243; make_equal=&#8221;on&#8221; _builder_version=&#8221;4.0.5&#8243;][et_pb_column type=&#8221;1_2&#8243; _builder_version=&#8221;4.0.5&#8243;][et_pb_text _builder_version=&#8221;4.0.5&#8243;]<\/p>\n<h2>Substitu\u00edmos as embalaxes de pl\u00e1stico por papel reciclable<\/h2>\n<p>Outra misi\u00f3n do comit\u00e9 de embalaxe \u00e9 reducir ao m\u00e1ximo as bobinas de pl\u00e1stico, seguindo a li\u00f1a de aplicar medidas pensadas para reducir as emisi\u00f3ns de CO2 e preservar o noso entorno. Con ese obxectivo cambiamos o envase do arroz longo por papel 100% reciclable, un dese\u00f1o m\u00e1is sustentable e respectuoso co medio ambiente.<\/p>\n<p>[\/et_pb_text][\/et_pb_column][et_pb_column type=&#8221;1_2&#8243; _builder_version=&#8221;4.0.5&#8243;][et_pb_image src=&#8221;https:\/\/www.nomenearth.es\/wp-content\/uploads\/2019\/12\/16.png&#8221; align=&#8221;center&#8221; _builder_version=&#8221;4.0.5&#8243; max_width_tablet=&#8221;170px&#8221; max_width_phone=&#8221;&#8221; max_width_last_edited=&#8221;on|tablet&#8221;][\/et_pb_image][\/et_pb_column][\/et_pb_row][\/et_pb_section][et_pb_section fb_built=&#8221;1&#8243; admin_label=&#8221;section 2&#8243; module_class=&#8221;sostenibilidad_section_2&#8243; _builder_version=&#8221;4.0.5&#8243; background_image=&#8221;https:\/\/www.nomenearth.es\/wp-content\/uploads\/2019\/12\/18.png&#8221; collapsed=&#8221;on&#8221;][et_pb_row column_structure=&#8221;1_2,1_2&#8243; _builder_version=&#8221;4.0.5&#8243;][et_pb_column type=&#8221;1_2&#8243; _builder_version=&#8221;4.0.5&#8243;][\/et_pb_column][et_pb_column type=&#8221;1_2&#8243; _builder_version=&#8221;4.0.5&#8243;][et_pb_text _builder_version=&#8221;4.0.5&#8243;]<\/p>\n<h2>Utilizamos enerx\u00eda renovable 100%<\/h2>\n<p>Toda a enerx\u00eda que utilizamos \u00e9 100% verde. Reducimos as emisi\u00f3n de CO2 nun 57,3% grazas \u00e1 contrataci\u00f3n dun subministrador enerx\u00e9tico que nos garante que a enerx\u00eda que recibimos procede de fontes 100% renovables.<\/p>\n<p>[\/et_pb_text][\/et_pb_column][\/et_pb_row][\/et_pb_section][et_pb_section fb_built=&#8221;1&#8243; admin_label=&#8221;section 3&#8243; module_class=&#8221;sostenibilidad_section_3&#8243; _builder_version=&#8221;4.0.5&#8243; background_image=&#8221;https:\/\/www.nomenearth.es\/wp-content\/uploads\/2019\/12\/19.png&#8221; collapsed=&#8221;on&#8221;][et_pb_row column_structure=&#8221;1_2,1_2&#8243; _builder_version=&#8221;4.0.5&#8243;][et_pb_column type=&#8221;1_2&#8243; _builder_version=&#8221;4.0.5&#8243;][et_pb_text _builder_version=&#8221;4.0.5&#8243;]<\/p>\n<h2>Traballamos para reducir as embalaxes: menos pl\u00e1sticos e cart\u00f3ns<\/h2>\n<p>Unha das tarefas do comit\u00e9 de embalaxes, integrado por diferentes traballadores de Nomen Foods, foi reducir o dobre envase, acadando unha reduci\u00f3n do 26,5%. Como empresa subscrita ao plan empresarial de prevenci\u00f3n de Ecoembes, conseguimos diminu\u00edr 1,50\u00a0kg por cada embalaxe sacada ao mercado.<\/p>\n<p>[\/et_pb_text][\/et_pb_column][et_pb_column type=&#8221;1_2&#8243; _builder_version=&#8221;4.0.5&#8243;][\/et_pb_column][\/et_pb_row][\/et_pb_section][et_pb_section fb_built=&#8221;1&#8243; admin_label=&#8221;section 4&#8243; module_class=&#8221;sostenibilidad_section_4&#8243; _builder_version=&#8221;4.0.5&#8243; background_image=&#8221;https:\/\/www.nomenearth.es\/wp-content\/uploads\/2019\/12\/Group-2762.png&#8221; background_position=&#8221;center_left&#8221; collapsed=&#8221;off&#8221;][et_pb_row column_structure=&#8221;1_2,1_2&#8243; make_equal=&#8221;on&#8221; _builder_version=&#8221;4.0.5&#8243; hover_enabled=&#8221;0&#8243; background_enable_color=&#8221;off&#8221;][et_pb_column type=&#8221;1_2&#8243; _builder_version=&#8221;4.0.5&#8243;][et_pb_image src=&#8221;https:\/\/www.nomenearth.es\/wp-content\/uploads\/2019\/12\/20.png&#8221; align=&#8221;center&#8221; _builder_version=&#8221;4.0.5&#8243; max_width_tablet=&#8221;170px&#8221; max_width_phone=&#8221;&#8221; max_width_last_edited=&#8221;on|desktop&#8221; custom_margin_tablet=&#8221;20px||||false|false&#8221; custom_margin_phone=&#8221;&#8221; custom_margin_last_edited=&#8221;on|tablet&#8221;][\/et_pb_image][\/et_pb_column][et_pb_column type=&#8221;1_2&#8243; _builder_version=&#8221;4.0.5&#8243;][et_pb_text _builder_version=&#8221;4.0.5&#8243;]<\/p>\n<h2>Estamos cambiando os fluorescentes por LED<\/h2>\n<p>Co obxectivo de reducir o custo enerx\u00e9tico, cada ano imos substitu\u00edndo unha elevada porcentaxe de tubos fluorescentes convencionais por luces LED, que proporcionan un importante aforro enerx\u00e9tico e de consumo.<\/p>\n<p>[\/et_pb_text][\/et_pb_column][\/et_pb_row][\/et_pb_section][et_pb_section fb_built=&#8221;1&#8243; admin_label=&#8221;section 5&#8243; module_class=&#8221;sostenibilidad_section_5&#8243; _builder_version=&#8221;4.0.5&#8243; background_image=&#8221;https:\/\/www.nomenearth.es\/wp-content\/uploads\/2019\/12\/22.png&#8221; collapsed=&#8221;on&#8221;][et_pb_row column_structure=&#8221;1_2,1_2&#8243; _builder_version=&#8221;4.0.5&#8243;][et_pb_column type=&#8221;1_2&#8243; _builder_version=&#8221;4.0.5&#8243;][et_pb_text _builder_version=&#8221;4.0.5&#8243;]<\/p>\n<h2>Reducimos o uso de papel e apostamos por papel reciclado<\/h2>\n<p>A aposta por unha oficina sen papeis, unida ao cambio a papel reciclado e con menor gramaxe que o empregado anteriormente, permitiunos reducir considerablemente o consumo deste recurso.<\/p>\n<p>[\/et_pb_text][\/et_pb_column][et_pb_column type=&#8221;1_2&#8243; _builder_version=&#8221;4.0.5&#8243;][\/et_pb_column][\/et_pb_row][\/et_pb_section][et_pb_section fb_built=&#8221;1&#8243; admin_label=&#8221;section 6&#8243; module_class=&#8221;sostenibilidad_section_6&#8243; _builder_version=&#8221;4.0.5&#8243; background_image=&#8221;https:\/\/www.nomenearth.es\/wp-content\/uploads\/2019\/12\/23.png&#8221; collapsed=&#8221;on&#8221;][et_pb_row column_structure=&#8221;1_2,1_2&#8243; _builder_version=&#8221;4.0.5&#8243;][et_pb_column type=&#8221;1_2&#8243; _builder_version=&#8221;4.0.5&#8243;][\/et_pb_column][et_pb_column type=&#8221;1_2&#8243; _builder_version=&#8221;4.0.5&#8243;][et_pb_text _builder_version=&#8221;4.0.5&#8243;]<\/p>\n<h2>Investimos en tecnolox\u00eda m\u00e1is eficiente enerxeticamente<\/h2>\n<p>A mellora continua \u00e9 intr\u00ednseca a todas as \u00e1reas do proceso de produci\u00f3n, desde o mu\u00ed\u00f1o ata o empaquetado, por iso investimos en sistemas intelixentes con novas tecnolox\u00edas e maquinaria m\u00e1is eficiente desde o punto de vista enerx\u00e9tico, que axudan a reducir o consumo de enerx\u00eda.<\/p>\n<p>[\/et_pb_text][\/et_pb_column][\/et_pb_row][\/et_pb_section][et_pb_section fb_built=&#8221;1&#8243; admin_label=&#8221;section 7&#8243; module_class=&#8221;sostenibilidad_section_7&#8243; _builder_version=&#8221;4.0.5&#8243; hover_enabled=&#8221;0&#8243; collapsed=&#8221;on&#8221; background_color=&#8221;#eaeaea&#8221;][et_pb_row column_structure=&#8221;1_2,1_2&#8243; make_equal=&#8221;on&#8221; _builder_version=&#8221;4.0.5&#8243;][et_pb_column type=&#8221;1_2&#8243; _builder_version=&#8221;4.0.5&#8243;][et_pb_text _builder_version=&#8221;4.0.5&#8243;]<\/p>\n<h2>Apostamos pola externalizaci\u00f3n lox\u00edstica<\/h2>\n<p>A optimizaci\u00f3n da lox\u00edstica cun socio externo orientado tam\u00e9n \u00e1 sustentabilidade e ao compromiso medioambiental, unha plataforma lox\u00edstica cunhas instalaci\u00f3ns m\u00e1is eficientes desde o punto de vista enerx\u00e9tico e conformes coa pol\u00edtica de empresa de reducir a pegada de carbono.<\/p>\n<p>[\/et_pb_text][\/et_pb_column][et_pb_column type=&#8221;1_2&#8243; _builder_version=&#8221;4.0.5&#8243;][et_pb_image src=&#8221;https:\/\/www.nomenearth.es\/wp-content\/uploads\/2019\/12\/24.png&#8221; align=&#8221;center&#8221; _builder_version=&#8221;4.0.5&#8243;][\/et_pb_image][\/et_pb_column][\/et_pb_row][\/et_pb_section][et_pb_section fb_built=&#8221;1&#8243; admin_label=&#8221;section 8&#8243; module_class=&#8221;sostenibilidad_section_8&#8243; _builder_version=&#8221;4.0.5&#8243; background_image=&#8221;https:\/\/www.nomenearth.es\/wp-content\/uploads\/2019\/12\/25.png&#8221; collapsed=&#8221;on&#8221;][et_pb_row column_structure=&#8221;1_2,1_2&#8243; _builder_version=&#8221;4.0.5&#8243;][et_pb_column type=&#8221;1_2&#8243; _builder_version=&#8221;4.0.5&#8243;][\/et_pb_column][et_pb_column type=&#8221;1_2&#8243; _builder_version=&#8221;4.0.5&#8243;][et_pb_text _builder_version=&#8221;4.0.5&#8243;]<\/p>\n<h2>Eliminamos as botellas de pl\u00e1stico<\/h2>\n<p>Substitu\u00edmos todas as botellas de pl\u00e1stico por botellas de vidro e vasos de cart\u00f3n, ademais de instalar fontes de auga para o uso dos traballadores coa fin de xerar o m\u00ednimo de residuos posible.<\/p>\n<p>[\/et_pb_text][\/et_pb_column][\/et_pb_row][\/et_pb_section][et_pb_section fb_built=&#8221;1&#8243; admin_label=&#8221;section 9&#8243; module_class=&#8221;sostenibilidad_section_9&#8243; _builder_version=&#8221;4.0.5&#8243; background_image=&#8221;https:\/\/www.nomenearth.es\/wp-content\/uploads\/2019\/12\/26.png&#8221; collapsed=&#8221;on&#8221;][et_pb_row column_structure=&#8221;1_2,1_2&#8243; _builder_version=&#8221;4.0.5&#8243;][et_pb_column type=&#8221;1_2&#8243; _builder_version=&#8221;4.0.5&#8243;][et_pb_text _builder_version=&#8221;4.0.5&#8243;]<\/p>\n<h2>Plantamos \u00e1rbores ao redor da f\u00e1brica<\/h2>\n<p>Impulsados polo comit\u00e9 de sustentabilidade e baixo a tutela do Parque Natural, estamos a plantar \u00e1rbores aut\u00f3ctonas ao redor da planta de produci\u00f3n do Delta para reducir o impacto visual e favorecer o entorno con m\u00e1is masa forestal. Tam\u00e9n estamos a instalar caixas-ni\u00f1o para morcegos, que contrib\u00faen a manter afastados os mosquitos de forma natural.<\/p>\n<p>[\/et_pb_text][\/et_pb_column][et_pb_column type=&#8221;1_2&#8243; _builder_version=&#8221;4.0.5&#8243;][\/et_pb_column][\/et_pb_row][\/et_pb_section][et_pb_section fb_built=&#8221;1&#8243; admin_label=&#8221;section 10&#8243; module_class=&#8221;sostenibilidad_section_10&#8243; _builder_version=&#8221;4.0.5&#8243; background_color=&#8221;#eaeaea&#8221; collapsed=&#8221;off&#8221;][et_pb_row column_structure=&#8221;1_2,1_2&#8243; make_equal=&#8221;on&#8221; _builder_version=&#8221;4.0.5&#8243; background_color=&#8221;#eaeaea&#8221;][et_pb_column type=&#8221;1_2&#8243; _builder_version=&#8221;4.0.5&#8243;][et_pb_image src=&#8221;https:\/\/www.nomenearth.es\/wp-content\/uploads\/2019\/12\/27.png&#8221; align=&#8221;center&#8221; _builder_version=&#8221;4.0.5&#8243; max_width_tablet=&#8221;170px&#8221; max_width_phone=&#8221;&#8221; max_width_last_edited=&#8221;on|tablet&#8221;][\/et_pb_image][\/et_pb_column][et_pb_column type=&#8221;1_2&#8243; _builder_version=&#8221;4.0.5&#8243;][et_pb_text _builder_version=&#8221;4.0.5&#8243;]<\/p>\n<h2>Compromiso co medio ambiente certificado pola ISO 14001<\/h2>\n<p>Contamos cun sistema de xesti\u00f3n ambiental baseado na norma ISO 14001 que promove a obtenci\u00f3n de produtos de calidade minimizando o impacto ambiental derivado da nosa actividade, misi\u00f3n ali\u00f1ada cos diferentes obxectivos ambientais establecidos pola nosa empresa.<\/p>\n<p>[\/et_pb_text][\/et_pb_column][\/et_pb_row][\/et_pb_section][et_pb_section fb_built=&#8221;1&#8243; admin_label=&#8221;section 11&#8243; module_class=&#8221;sostenibilidad_section_11&#8243; _builder_version=&#8221;4.0.5&#8243; background_image=&#8221;https:\/\/www.nomenearth.es\/wp-content\/uploads\/2019\/12\/28.png&#8221; collapsed=&#8221;on&#8221;][et_pb_row column_structure=&#8221;1_2,1_2&#8243; _builder_version=&#8221;4.0.5&#8243;][et_pb_column type=&#8221;1_2&#8243; _builder_version=&#8221;4.0.5&#8243;][et_pb_text _builder_version=&#8221;4.0.5&#8243;]<\/p>\n<h2>Impulsamos o cultivo de arroz ecol\u00f3xico<\/h2>\n<p>A aposta firme por un cultivo m\u00e1is sostible e respectuoso co medio ambiente pasa por cultivar m\u00e1is arroz ecol\u00f3xico, xa que no seu non se empregan abonos nin pesticidas sint\u00e9ticos, polo que conserva todo o sabor e as calidades dun arroz sen tratar. Un arroz puro ao 100%, cultivado con m\u00e9todos naturais.<\/p>\n<p>[\/et_pb_text][\/et_pb_column][et_pb_column type=&#8221;1_2&#8243; _builder_version=&#8221;4.0.5&#8243;][\/et_pb_column][\/et_pb_row][\/et_pb_section][et_pb_section fb_built=&#8221;1&#8243; admin_label=&#8221;section 12&#8243; module_class=&#8221;sostenibilidad_section_12&#8243; _builder_version=&#8221;4.0.5&#8243; background_image=&#8221;https:\/\/www.nomenearth.es\/wp-content\/uploads\/2019\/12\/29.png&#8221; collapsed=&#8221;on&#8221;][et_pb_row column_structure=&#8221;1_2,1_2&#8243; _builder_version=&#8221;4.0.5&#8243;][et_pb_column type=&#8221;1_2&#8243; _builder_version=&#8221;4.0.5&#8243;][\/et_pb_column][et_pb_column type=&#8221;1_2&#8243; _builder_version=&#8221;4.0.5&#8243;][et_pb_text _builder_version=&#8221;4.0.5&#8243;]<\/p>\n<h2>Creamos o proxecto Nomen Earth<\/h2>\n<p>Destinamos o 100% dos beneficios xerados polas vendas do arroz Nomen Earth a financiar acci\u00f3ns a favor do medio ambiente, dedicadas a loitar contra o cambio clim\u00e1tico e a lograr un planeta m\u00e1is sostible.<\/p>\n<p>[\/et_pb_text][\/et_pb_column][\/et_pb_row][\/et_pb_section]<\/p>\n","protected":false},"excerpt":{"rendered":"<p>Descubre o noso compromiso co medio ambienteSubstitu\u00edmos as embalaxes de pl\u00e1stico por papel reciclable Outra misi\u00f3n do comit\u00e9 de embalaxe \u00e9 reducir ao m\u00e1ximo as bobinas de pl\u00e1stico, seguindo a li\u00f1a de aplicar medidas pensadas para reducir as emisi\u00f3ns de CO2 e preservar o noso entorno. Con ese obxectivo cambiamos o envase do arroz longo [&hellip;]<\/p>\n","protected":false},"author":1,"featured_media":0,"parent":0,"menu_order":0,"comment_status":"closed","ping_status":"closed","template":"","meta":{"_et_pb_use_builder":"on","_et_pb_old_content":"","_et_gb_content_width":"","footnotes":""},"class_list":["post-6044","page","type-page","status-publish","hentry"],"yoast_head":"<!-- This site is optimized with the Yoast SEO plugin v27.4 - https:\/\/yoast.com\/product\/yoast-seo-wordpress\/ -->\n<title>Sustentabilidade - Nomen Earth<\/title>\n<meta name=\"robots\" content=\"index, follow, max-snippet:-1, max-image-preview:large, max-video-preview:-1\" \/>\n<link rel=\"canonical\" href=\"https:\/\/www.nomenearth.es\/gl\/sustentabilidade\/\" \/>\n<meta property=\"og:locale\" content=\"gl_ES\" \/>\n<meta property=\"og:type\" content=\"article\" \/>\n<meta property=\"og:title\" content=\"Sustentabilidade - Nomen Earth\" \/>\n<meta property=\"og:description\" content=\"Descubre o noso compromiso co medio ambienteSubstitu\u00edmos as embalaxes de pl\u00e1stico por papel reciclable Outra misi\u00f3n do comit\u00e9 de embalaxe \u00e9 reducir ao m\u00e1ximo as bobinas de pl\u00e1stico, seguindo a li\u00f1a de aplicar medidas pensadas para reducir as emisi\u00f3ns de CO2 e preservar o noso entorno. Con ese obxectivo cambiamos o envase do arroz longo [&hellip;]\" \/>\n<meta property=\"og:url\" content=\"https:\/\/www.nomenearth.es\/gl\/sustentabilidade\/\" \/>\n<meta property=\"og:site_name\" content=\"Nomen Earth\" \/>\n<meta property=\"article:modified_time\" content=\"2020-02-05T17:06:10+00:00\" \/>\n<meta name=\"twitter:card\" content=\"summary_large_image\" \/>\n<meta name=\"twitter:label1\" content=\"Tempo de lectura\" \/>\n\t<meta name=\"twitter:data1\" content=\"8 minutos\" \/>\n<script type=\"application\/ld+json\" class=\"yoast-schema-graph\">{\"@context\":\"https:\\\/\\\/schema.org\",\"@graph\":[{\"@type\":\"WebPage\",\"@id\":\"https:\\\/\\\/www.nomenearth.es\\\/gl\\\/sustentabilidade\\\/\",\"url\":\"https:\\\/\\\/www.nomenearth.es\\\/gl\\\/sustentabilidade\\\/\",\"name\":\"Sustentabilidade - Nomen Earth\",\"isPartOf\":{\"@id\":\"https:\\\/\\\/www.nomenearth.es\\\/#website\"},\"datePublished\":\"2020-02-05T17:06:08+00:00\",\"dateModified\":\"2020-02-05T17:06:10+00:00\",\"breadcrumb\":{\"@id\":\"https:\\\/\\\/www.nomenearth.es\\\/gl\\\/sustentabilidade\\\/#breadcrumb\"},\"inLanguage\":\"gl-ES\",\"potentialAction\":[{\"@type\":\"ReadAction\",\"target\":[\"https:\\\/\\\/www.nomenearth.es\\\/gl\\\/sustentabilidade\\\/\"]}]},{\"@type\":\"BreadcrumbList\",\"@id\":\"https:\\\/\\\/www.nomenearth.es\\\/gl\\\/sustentabilidade\\\/#breadcrumb\",\"itemListElement\":[{\"@type\":\"ListItem\",\"position\":1,\"name\":\"Portada\",\"item\":\"https:\\\/\\\/www.nomenearth.es\\\/\"},{\"@type\":\"ListItem\",\"position\":2,\"name\":\"Sustentabilidade\"}]},{\"@type\":\"WebSite\",\"@id\":\"https:\\\/\\\/www.nomenearth.es\\\/#website\",\"url\":\"https:\\\/\\\/www.nomenearth.es\\\/\",\"name\":\"Nomen Earth\",\"description\":\"#Comprom\u00e9teteConNomen\",\"potentialAction\":[{\"@type\":\"SearchAction\",\"target\":{\"@type\":\"EntryPoint\",\"urlTemplate\":\"https:\\\/\\\/www.nomenearth.es\\\/?s={search_term_string}\"},\"query-input\":{\"@type\":\"PropertyValueSpecification\",\"valueRequired\":true,\"valueName\":\"search_term_string\"}}],\"inLanguage\":\"gl-ES\"}]}<\/script>\n<!-- \/ Yoast SEO plugin. -->","yoast_head_json":{"title":"Sustentabilidade - Nomen Earth","robots":{"index":"index","follow":"follow","max-snippet":"max-snippet:-1","max-image-preview":"max-image-preview:large","max-video-preview":"max-video-preview:-1"},"canonical":"https:\/\/www.nomenearth.es\/gl\/sustentabilidade\/","og_locale":"gl_ES","og_type":"article","og_title":"Sustentabilidade - Nomen Earth","og_description":"Descubre o noso compromiso co medio ambienteSubstitu\u00edmos as embalaxes de pl\u00e1stico por papel reciclable Outra misi\u00f3n do comit\u00e9 de embalaxe \u00e9 reducir ao m\u00e1ximo as bobinas de pl\u00e1stico, seguindo a li\u00f1a de aplicar medidas pensadas para reducir as emisi\u00f3ns de CO2 e preservar o noso entorno. Con ese obxectivo cambiamos o envase do arroz longo [&hellip;]","og_url":"https:\/\/www.nomenearth.es\/gl\/sustentabilidade\/","og_site_name":"Nomen Earth","article_modified_time":"2020-02-05T17:06:10+00:00","twitter_card":"summary_large_image","twitter_misc":{"Tempo de lectura":"8 minutos"},"schema":{"@context":"https:\/\/schema.org","@graph":[{"@type":"WebPage","@id":"https:\/\/www.nomenearth.es\/gl\/sustentabilidade\/","url":"https:\/\/www.nomenearth.es\/gl\/sustentabilidade\/","name":"Sustentabilidade - Nomen Earth","isPartOf":{"@id":"https:\/\/www.nomenearth.es\/#website"},"datePublished":"2020-02-05T17:06:08+00:00","dateModified":"2020-02-05T17:06:10+00:00","breadcrumb":{"@id":"https:\/\/www.nomenearth.es\/gl\/sustentabilidade\/#breadcrumb"},"inLanguage":"gl-ES","potentialAction":[{"@type":"ReadAction","target":["https:\/\/www.nomenearth.es\/gl\/sustentabilidade\/"]}]},{"@type":"BreadcrumbList","@id":"https:\/\/www.nomenearth.es\/gl\/sustentabilidade\/#breadcrumb","itemListElement":[{"@type":"ListItem","position":1,"name":"Portada","item":"https:\/\/www.nomenearth.es\/"},{"@type":"ListItem","position":2,"name":"Sustentabilidade"}]},{"@type":"WebSite","@id":"https:\/\/www.nomenearth.es\/#website","url":"https:\/\/www.nomenearth.es\/","name":"Nomen Earth","description":"#Comprom\u00e9teteConNomen","potentialAction":[{"@type":"SearchAction","target":{"@type":"EntryPoint","urlTemplate":"https:\/\/www.nomenearth.es\/?s={search_term_string}"},"query-input":{"@type":"PropertyValueSpecification","valueRequired":true,"valueName":"search_term_string"}}],"inLanguage":"gl-ES"}]}},"_links":{"self":[{"href":"https:\/\/www.nomenearth.es\/gl\/wp-json\/wp\/v2\/pages\/6044","targetHints":{"allow":["GET"]}}],"collection":[{"href":"https:\/\/www.nomenearth.es\/gl\/wp-json\/wp\/v2\/pages"}],"about":[{"href":"https:\/\/www.nomenearth.es\/gl\/wp-json\/wp\/v2\/types\/page"}],"author":[{"embeddable":true,"href":"https:\/\/www.nomenearth.es\/gl\/wp-json\/wp\/v2\/users\/1"}],"replies":[{"embeddable":true,"href":"https:\/\/www.nomenearth.es\/gl\/wp-json\/wp\/v2\/comments?post=6044"}],"version-history":[{"count":0,"href":"https:\/\/www.nomenearth.es\/gl\/wp-json\/wp\/v2\/pages\/6044\/revisions"}],"wp:attachment":[{"href":"https:\/\/www.nomenearth.es\/gl\/wp-json\/wp\/v2\/media?parent=6044"}],"curies":[{"name":"wp","href":"https:\/\/api.w.org\/{rel}","templated":true}]}}