{"id":8476,"date":"2021-02-25T16:53:16","date_gmt":"2021-02-25T15:53:16","guid":{"rendered":"https:\/\/www.nomenearth.es\/edicions-anteriors\/"},"modified":"2021-07-05T16:42:52","modified_gmt":"2021-07-05T14:42:52","slug":"edicions-anteriors","status":"publish","type":"page","link":"https:\/\/www.nomenearth.es\/ca\/edicions-anteriors\/","title":{"rendered":"Edicions anteriors"},"content":{"rendered":"<p>[et_pb_section fb_built=&#8221;1&#8243; admin_label=&#8221;Secci\u00f3n- header&#8221; module_id=&#8221;participa&#8221; module_class=&#8221;section-title-intro&#8221; _builder_version=&#8221;4.0.5&#8243; background_image=&#8221;https:\/\/www.nomenearth.es\/wp-content\/uploads\/2021\/02\/header-ediciones-anteriores.png&#8221; custom_padding=&#8221;50px|||||&#8221; da_disable_devices=&#8221;off|off|off&#8221; locked=&#8221;off&#8221; collapsed=&#8221;off&#8221; da_is_popup=&#8221;off&#8221; da_exit_intent=&#8221;off&#8221; da_has_close=&#8221;on&#8221; da_alt_close=&#8221;off&#8221; da_dark_close=&#8221;off&#8221; da_not_modal=&#8221;on&#8221; da_is_singular=&#8221;off&#8221; da_with_loader=&#8221;off&#8221; da_has_shadow=&#8221;on&#8221;][et_pb_row admin_label=&#8221;Ediciones anteriores&#8221; _builder_version=&#8221;4.0.5&#8243;][et_pb_column type=&#8221;4_4&#8243; _builder_version=&#8221;4.0.5&#8243;][et_pb_text _builder_version=&#8221;4.0.5&#8243;]<\/p>\n<h1 style=\"text-align: center;\">EDICIONS ANTERIORS<\/h1>\n<p>[\/et_pb_text][\/et_pb_column][\/et_pb_row][\/et_pb_section][et_pb_section fb_built=&#8221;1&#8243; admin_label=&#8221;Secci\u00f3n &#8211; intro&#8221; _builder_version=&#8221;4.0.5&#8243; background_image=&#8221;https:\/\/www.nomenearth.es\/wp-content\/uploads\/2021\/02\/arros-transparent-v2.png&#8221; background_size=&#8221;contain&#8221; background_position=&#8221;top_left&#8221; custom_margin=&#8221;||0px||false|false&#8221; custom_margin_tablet=&#8221;&#8221; custom_margin_phone=&#8221;&#8221; custom_margin_last_edited=&#8221;on|tablet&#8221; custom_padding=&#8221;||0px||false|false&#8221; background_last_edited=&#8221;on|desktop&#8221; background_size_tablet=&#8221;contain&#8221; background_position_tablet=&#8221;bottom_left&#8221; background_position_phone=&#8221;bottom_left&#8221; da_disable_devices=&#8221;off|off|off&#8221; da_is_popup=&#8221;off&#8221; da_exit_intent=&#8221;off&#8221; da_has_close=&#8221;on&#8221; da_alt_close=&#8221;off&#8221; da_dark_close=&#8221;off&#8221; da_not_modal=&#8221;on&#8221; da_is_singular=&#8221;off&#8221; da_with_loader=&#8221;off&#8221; da_has_shadow=&#8221;on&#8221;][et_pb_row _builder_version=&#8221;4.0.5&#8243;][et_pb_column type=&#8221;4_4&#8243; _builder_version=&#8221;4.0.5&#8243;][et_pb_text admin_label=&#8221;Subtitulo&#8221; _builder_version=&#8221;4.0.5&#8243; text_font=&#8221;|600|||||||&#8221; text_text_color=&#8221;#316335&#8243; text_font_size=&#8221;36px&#8221; text_line_height=&#8221;1.2em&#8221; text_orientation=&#8221;center&#8221; max_width=&#8221;960px&#8221; module_alignment=&#8221;center&#8221; custom_padding=&#8221;||25px||false|false&#8221;]<span style=\"font-family: 'Kumbh Sans', sans-serif;\">Primera edici\u00f3 de Nomen Earth (2019-2020)<\/span>[\/et_pb_text][et_pb_text admin_label=&#8221;Texto intro&#8221; _builder_version=&#8221;4.0.5&#8243; text_text_color=&#8221;#404040&#8243; text_font_size=&#8221;18px&#8221; text_line_height=&#8221;1.4em&#8221; text_orientation=&#8221;center&#8221; max_width=&#8221;990px&#8221; module_alignment=&#8221;center&#8221;]<\/p>\n<p><span style=\"color: #414141;\">La iniciativa Nomen Earth va n\u00e9ixer el 2019 amb la pretensi\u00f3 d&#8217;unir esfor\u00e7os a favor del medi ambient, de crear un producte de tots per a tots, invertint el 100% dels beneficis de les vendes generades a finan\u00e7ar accions a favor del medi ambient.<\/span><\/p>\n<p>[\/et_pb_text][et_pb_text _builder_version=&#8221;4.0.5&#8243; text_font=&#8221;|600|||||||&#8221; text_text_color=&#8221;#414141&#8243; text_font_size=&#8221;36px&#8221; text_orientation=&#8221;center&#8221; custom_margin=&#8221;||||false|false&#8221; custom_padding=&#8221;30px||50px||false|false&#8221;]<span style=\"font-family: 'Kumbh Sans', sans-serif;\">Com ho vam fer?<\/span>[\/et_pb_text][\/et_pb_column][\/et_pb_row][\/et_pb_section][et_pb_section fb_built=&#8221;1&#8243; admin_label=&#8221;Secci\u00f3n &#8211; Comit\u00e9 sostenibilidad&#8221; _builder_version=&#8221;4.0.5&#8243; background_color=&#8221;#316335&#8243; da_disable_devices=&#8221;off|off|off&#8221; da_is_popup=&#8221;off&#8221; da_exit_intent=&#8221;off&#8221; da_has_close=&#8221;on&#8221; da_alt_close=&#8221;off&#8221; da_dark_close=&#8221;off&#8221; da_not_modal=&#8221;on&#8221; da_is_singular=&#8221;off&#8221; da_with_loader=&#8221;off&#8221; da_has_shadow=&#8221;on&#8221;][et_pb_row column_structure=&#8221;1_2,1_2&#8243; admin_label=&#8221;Fila&#8221; _builder_version=&#8221;4.0.5&#8243;][et_pb_column type=&#8221;1_2&#8243; _builder_version=&#8221;4.0.5&#8243;][et_pb_text _builder_version=&#8221;4.0.5&#8243; text_font=&#8221;|600|||||||&#8221; text_text_color=&#8221;#ffffff&#8221; text_font_size=&#8221;33px&#8221; text_line_height=&#8221;1.2em&#8221; max_width=&#8221;480px&#8221; module_alignment=&#8221;right&#8221; custom_padding=&#8221;15px||15px||false|false&#8221; text_line_height_tablet=&#8221;1.2em&#8221; text_line_height_phone=&#8221;&#8221; text_line_height_last_edited=&#8221;on|tablet&#8221; text_orientation_tablet=&#8221;center&#8221; text_orientation_phone=&#8221;center&#8221; text_orientation_last_edited=&#8221;on|tablet&#8221; module_alignment_tablet=&#8221;center&#8221; module_alignment_phone=&#8221;&#8221; module_alignment_last_edited=&#8221;on|tablet&#8221;]<span style=\"font-family: 'Kumbh Sans', sans-serif;\">Comit\u00e8 de Sostenibilitat<\/span>[\/et_pb_text][et_pb_text _builder_version=&#8221;4.0.5&#8243; text_text_color=&#8221;#ffffff&#8221; text_font_size=&#8221;18px&#8221; max_width=&#8221;480px&#8221; module_alignment=&#8221;right&#8221; module_alignment_tablet=&#8221;center&#8221; module_alignment_phone=&#8221;center&#8221; module_alignment_last_edited=&#8221;on|tablet&#8221;]<\/p>\n<p>Per dur a terme aquest ambici\u00f3s projecte, el primer pas va ser crear un comit\u00e8 de sostenibilitat, liderat pel prestigi\u00f3s naturalista Jose Luis Gallego.<\/p>\n<p>[\/et_pb_text][\/et_pb_column][et_pb_column type=&#8221;1_2&#8243; _builder_version=&#8221;4.0.5&#8243;][et_pb_image src=&#8221;https:\/\/www.nomenearth.es\/wp-content\/uploads\/2021\/02\/2020-comite-sostenibilidad.png&#8221; align_tablet=&#8221;center&#8221; align_phone=&#8221;&#8221; align_last_edited=&#8221;on|desktop&#8221; _builder_version=&#8221;4.0.5&#8243;][\/et_pb_image][\/et_pb_column][\/et_pb_row][\/et_pb_section][et_pb_section fb_built=&#8221;1&#8243; admin_label=&#8221;Secci\u00f3n &#8211; Concurso&#8221; _builder_version=&#8221;4.0.5&#8243; da_disable_devices=&#8221;off|off|off&#8221; da_is_popup=&#8221;off&#8221; da_exit_intent=&#8221;off&#8221; da_has_close=&#8221;on&#8221; da_alt_close=&#8221;off&#8221; da_dark_close=&#8221;off&#8221; da_not_modal=&#8221;on&#8221; da_is_singular=&#8221;off&#8221; da_with_loader=&#8221;off&#8221; da_has_shadow=&#8221;on&#8221;][et_pb_row _builder_version=&#8221;4.0.5&#8243;][et_pb_column type=&#8221;4_4&#8243; _builder_version=&#8221;4.0.5&#8243;][et_pb_text _builder_version=&#8221;4.0.5&#8243; text_font=&#8221;|600|||||||&#8221; text_text_color=&#8221;#316335&#8243; text_font_size=&#8221;36px&#8221; text_line_height=&#8221;1.2em&#8221; text_orientation=&#8221;center&#8221;]<span style=\"font-family: 'Kumbh Sans', sans-serif;\">Concurs de packaging:<br \/>\nm\u00e9s de 1.000 dissenys rebuts<\/span>[\/et_pb_text][et_pb_text _builder_version=&#8221;4.0.5&#8243; text_text_color=&#8221;#404040&#8243; text_font_size=&#8221;18px&#8221; text_line_height=&#8221;1.4em&#8221; text_orientation=&#8221;center&#8221; max_width=&#8221;990px&#8221; module_alignment=&#8221;center&#8221;]<\/p>\n<p><span style=\"color: #414141;\">El segon, organitzar un concurs d&#8217;idees per al <em>packaging<\/em> de Nomen Earth a trav\u00e9s del web nomenearth.es, perqu\u00e8 tothom pogu\u00e9s enviar-hi els seus dissenys i proposar accions mediambientals on dirigir els beneficis. Una iniciativa que tenia com a recompensa 1.000 \u20ac per al millor disseny i lots de productes per als participants.<\/span><\/p>\n<p>[\/et_pb_text][et_pb_image src=&#8221;https:\/\/www.nomenearth.es\/wp-content\/uploads\/2021\/02\/2020-concurso-packaging.png&#8221; show_bottom_space=&#8221;off&#8221; align=&#8221;center&#8221; _builder_version=&#8221;4.0.5&#8243; custom_margin=&#8221;||||false|false&#8221; custom_padding=&#8221;60px||30px||false|false&#8221;][\/et_pb_image][et_pb_text _builder_version=&#8221;4.0.5&#8243; text_font=&#8221;|600|||||||&#8221; text_text_color=&#8221;#404040&#8243; text_font_size=&#8221;26px&#8221; text_orientation=&#8221;center&#8221;]<span style=\"font-family: 'Kumbh Sans', sans-serif;\">DISSENY GUANYADOR: Noelia Medina Sa\u0301nchez<\/span>[\/et_pb_text][\/et_pb_column][\/et_pb_row][\/et_pb_section][et_pb_section fb_built=&#8221;1&#8243; admin_label=&#8221;Secci\u00f3n &#8211; Acciones ambientales&#8221; _builder_version=&#8221;4.0.5&#8243; background_color=&#8221;#e8e8e8&#8243; da_disable_devices=&#8221;off|off|off&#8221; da_is_popup=&#8221;off&#8221; da_exit_intent=&#8221;off&#8221; da_has_close=&#8221;on&#8221; da_alt_close=&#8221;off&#8221; da_dark_close=&#8221;off&#8221; da_not_modal=&#8221;on&#8221; da_is_singular=&#8221;off&#8221; da_with_loader=&#8221;off&#8221; da_has_shadow=&#8221;on&#8221;][et_pb_row _builder_version=&#8221;4.0.5&#8243;][et_pb_column type=&#8221;4_4&#8243; _builder_version=&#8221;4.0.5&#8243;][et_pb_text _builder_version=&#8221;4.0.5&#8243; text_font=&#8221;|600|||||||&#8221; text_text_color=&#8221;#316335&#8243; text_font_size=&#8221;36px&#8221; text_line_height=&#8221;1.2em&#8221; text_orientation=&#8221;center&#8221;]<span style=\"font-family: 'Kumbh Sans', sans-serif;\">Accions mediambientals: m\u00e9s de 5.000 propostes<\/span>[\/et_pb_text][et_pb_text _builder_version=&#8221;4.0.5&#8243; text_text_color=&#8221;#404040&#8243; text_font_size=&#8221;18px&#8221; text_line_height=&#8221;1.4em&#8221; text_orientation=&#8221;center&#8221; max_width=&#8221;960px&#8221; module_alignment=&#8221;center&#8221;]<\/p>\n<p><span style=\"color: #414141;\">Entre les m\u00e9s de 5.000 accions mediambientals proposades pels usuaris el comit\u00e8 de sostenibilitat en va seleccionar 8 per sotmetre-les a votaci\u00f3 popular a trav\u00e9s del web.<\/span><\/p>\n<p>[\/et_pb_text][et_pb_image src=&#8221;https:\/\/www.nomenearth.es\/wp-content\/uploads\/2021\/02\/2020-propuestas-medioambiente.png&#8221; align=&#8221;center&#8221; _builder_version=&#8221;4.0.5&#8243; custom_padding=&#8221;40px||50px||false|false&#8221;][\/et_pb_image][et_pb_text _builder_version=&#8221;4.0.5&#8243; text_font=&#8221;|600|||||||&#8221; text_text_color=&#8221;#404040&#8243; text_font_size=&#8221;22px&#8221; text_orientation=&#8221;center&#8221;]<span style=\"font-family: 'Kumbh Sans', sans-serif;\">El 100% dels beneficis, per a la recuperaci\u00f3 del Mar Menor<\/span>[\/et_pb_text][et_pb_text _builder_version=&#8221;4.0.5&#8243; text_text_color=&#8221;#404040&#8243; text_font_size=&#8221;18px&#8221; text_line_height=&#8221;1.4em&#8221; text_orientation=&#8221;center&#8221; max_width=&#8221;960px&#8221; module_alignment=&#8221;center&#8221;]<\/p>\n<p><span style=\"color: #414141;\">Un cop tancat el proc\u00e9s de votaci\u00f3, els consumidors van decidir que els beneficis de la gamma Nomen Earth s&#8217;havien de destinar a la recuperaci\u00f3 de la biodiversitat i ecosistemes del Mar Menor.<\/span><\/p>\n<p>[\/et_pb_text][\/et_pb_column][\/et_pb_row][\/et_pb_section][et_pb_section fb_built=&#8221;1&#8243; admin_label=&#8221;Secci\u00f3n &#8211; Recaudaci\u00f3n&#8221; _builder_version=&#8221;4.0.5&#8243; da_disable_devices=&#8221;off|off|off&#8221; da_is_popup=&#8221;off&#8221; da_exit_intent=&#8221;off&#8221; da_has_close=&#8221;on&#8221; da_alt_close=&#8221;off&#8221; da_dark_close=&#8221;off&#8221; da_not_modal=&#8221;on&#8221; da_is_singular=&#8221;off&#8221; da_with_loader=&#8221;off&#8221; da_has_shadow=&#8221;on&#8221;][et_pb_row _builder_version=&#8221;4.0.5&#8243;][et_pb_column type=&#8221;4_4&#8243; _builder_version=&#8221;4.0.5&#8243;][et_pb_text _builder_version=&#8221;4.0.5&#8243; text_font=&#8221;|600|||||||&#8221; text_text_color=&#8221;#316335&#8243; text_font_size=&#8221;36px&#8221; text_line_height=&#8221;1.2em&#8221; text_orientation=&#8221;center&#8221;]<span style=\"font-family: 'Kumbh Sans', sans-serif;\">25.000 \u20ac recaptats<\/span>[\/et_pb_text][et_pb_text _builder_version=&#8221;4.0.5&#8243; text_text_color=&#8221;#404040&#8243; text_font_size=&#8221;18px&#8221; text_line_height=&#8221;1.4em&#8221; text_orientation=&#8221;center&#8221; max_width=&#8221;928px&#8221; module_alignment=&#8221;center&#8221; hover_enabled=&#8221;0&#8243;]<\/p>\n<p><span style=\"color: #414141;\">Els 25.000 \u20ac recaptats amb la venda de l&#8217;arr\u00f2s Nomen Earth es destinaran a un dels dos projectes prioritaris de <span style=\"color:#316335;\">l&#8217;associaci\u00f3 de naturalistes ANSE al Mar Menor<\/span>: la recuperaci\u00f3 de la biodiversitat aqu\u00e0tica a les salines de Marchamalo o el tractament de les aig\u00fces amb elevat contingut en nitrats d&#8217;origen agr\u00edcola que arriben a la llacuna, mitjan\u00e7ant un filtre verd.<\/span><\/p>\n<p>[\/et_pb_text][et_pb_image src=&#8221;https:\/\/www.nomenearth.es\/wp-content\/uploads\/2021\/02\/2020-dinero-recaudad.png&#8221; align=&#8221;center&#8221; disabled_on=&#8221;on|on|on&#8221; _builder_version=&#8221;4.0.5&#8243; custom_padding=&#8221;40px||50px||false|false&#8221; disabled=&#8221;on&#8221;][\/et_pb_image][et_pb_video src=&#8221;https:\/\/www.nomenearth.es\/wp-content\/uploads\/2021\/07\/Nomen-Earth-Murcia.mp4&#8243; thumbnail_overlay_color=&#8221;rgba(0,0,0,0.6)&#8221; _builder_version=&#8221;4.0.5&#8243; custom_padding=&#8221;40px||50px||false|false&#8221; locked=&#8221;off&#8221;][\/et_pb_video][\/et_pb_column][\/et_pb_row][\/et_pb_section]<\/p>\n","protected":false},"excerpt":{"rendered":"<p>EDICIONS ANTERIORSPrimera edici\u00f3 de Nomen Earth (2019-2020)La iniciativa Nomen Earth va n\u00e9ixer el 2019 amb la pretensi\u00f3 d&#8217;unir esfor\u00e7os a favor del medi ambient, de crear un producte de tots per a tots, invertint el 100% dels beneficis de les vendes generades a finan\u00e7ar accions a favor del medi ambient.Com ho vam fer?Comit\u00e8 de SostenibilitatPer [&hellip;]<\/p>\n","protected":false},"author":1,"featured_media":8441,"parent":0,"menu_order":0,"comment_status":"closed","ping_status":"closed","template":"","meta":{"_et_pb_use_builder":"on","_et_pb_old_content":"","_et_gb_content_width":"","footnotes":""},"class_list":["post-8476","page","type-page","status-publish","has-post-thumbnail","hentry"],"yoast_head":"<!-- This site is optimized with the Yoast SEO plugin v27.4 - https:\/\/yoast.com\/product\/yoast-seo-wordpress\/ -->\n<title>Edicions anteriors - Nomen Earth<\/title>\n<meta name=\"robots\" content=\"index, follow, max-snippet:-1, max-image-preview:large, max-video-preview:-1\" \/>\n<link rel=\"canonical\" href=\"https:\/\/www.nomenearth.es\/ca\/edicions-anteriors\/\" \/>\n<meta property=\"og:locale\" content=\"ca_ES\" \/>\n<meta property=\"og:type\" content=\"article\" \/>\n<meta property=\"og:title\" content=\"Edicions anteriors - Nomen Earth\" \/>\n<meta property=\"og:description\" content=\"EDICIONS ANTERIORSPrimera edici\u00f3 de Nomen Earth (2019-2020)La iniciativa Nomen Earth va n\u00e9ixer el 2019 amb la pretensi\u00f3 d&#039;unir esfor\u00e7os a favor del medi ambient, de crear un producte de tots per a tots, invertint el 100% dels beneficis de les vendes generades a finan\u00e7ar accions a favor del medi ambient.Com ho vam fer?Comit\u00e8 de SostenibilitatPer [&hellip;]\" \/>\n<meta property=\"og:url\" content=\"https:\/\/www.nomenearth.es\/ca\/edicions-anteriors\/\" \/>\n<meta property=\"og:site_name\" content=\"Nomen Earth\" \/>\n<meta property=\"article:modified_time\" content=\"2021-07-05T14:42:52+00:00\" \/>\n<meta property=\"og:image\" content=\"https:\/\/www.nomenearth.es\/wp-content\/uploads\/2021\/02\/2020-propuestas-medioambiente.png\" \/>\n\t<meta property=\"og:image:width\" content=\"752\" \/>\n\t<meta property=\"og:image:height\" content=\"411\" \/>\n\t<meta property=\"og:image:type\" content=\"image\/png\" \/>\n<meta name=\"twitter:card\" content=\"summary_large_image\" \/>\n<meta name=\"twitter:label1\" content=\"Temps estimat de lectura\" \/>\n\t<meta name=\"twitter:data1\" content=\"7 minuts\" \/>\n<script type=\"application\/ld+json\" class=\"yoast-schema-graph\">{\"@context\":\"https:\\\/\\\/schema.org\",\"@graph\":[{\"@type\":\"WebPage\",\"@id\":\"https:\\\/\\\/www.nomenearth.es\\\/ca\\\/edicions-anteriors\\\/\",\"url\":\"https:\\\/\\\/www.nomenearth.es\\\/ca\\\/edicions-anteriors\\\/\",\"name\":\"Edicions anteriors - Nomen Earth\",\"isPartOf\":{\"@id\":\"https:\\\/\\\/www.nomenearth.es\\\/#website\"},\"primaryImageOfPage\":{\"@id\":\"https:\\\/\\\/www.nomenearth.es\\\/ca\\\/edicions-anteriors\\\/#primaryimage\"},\"image\":{\"@id\":\"https:\\\/\\\/www.nomenearth.es\\\/ca\\\/edicions-anteriors\\\/#primaryimage\"},\"thumbnailUrl\":\"https:\\\/\\\/www.nomenearth.es\\\/wp-content\\\/uploads\\\/2021\\\/02\\\/2020-propuestas-medioambiente.png\",\"datePublished\":\"2021-02-25T15:53:16+00:00\",\"dateModified\":\"2021-07-05T14:42:52+00:00\",\"breadcrumb\":{\"@id\":\"https:\\\/\\\/www.nomenearth.es\\\/ca\\\/edicions-anteriors\\\/#breadcrumb\"},\"inLanguage\":\"ca\",\"potentialAction\":[{\"@type\":\"ReadAction\",\"target\":[\"https:\\\/\\\/www.nomenearth.es\\\/ca\\\/edicions-anteriors\\\/\"]}]},{\"@type\":\"ImageObject\",\"inLanguage\":\"ca\",\"@id\":\"https:\\\/\\\/www.nomenearth.es\\\/ca\\\/edicions-anteriors\\\/#primaryimage\",\"url\":\"https:\\\/\\\/www.nomenearth.es\\\/wp-content\\\/uploads\\\/2021\\\/02\\\/2020-propuestas-medioambiente.png\",\"contentUrl\":\"https:\\\/\\\/www.nomenearth.es\\\/wp-content\\\/uploads\\\/2021\\\/02\\\/2020-propuestas-medioambiente.png\",\"width\":752,\"height\":411},{\"@type\":\"BreadcrumbList\",\"@id\":\"https:\\\/\\\/www.nomenearth.es\\\/ca\\\/edicions-anteriors\\\/#breadcrumb\",\"itemListElement\":[{\"@type\":\"ListItem\",\"position\":1,\"name\":\"Portada\",\"item\":\"https:\\\/\\\/www.nomenearth.es\\\/\"},{\"@type\":\"ListItem\",\"position\":2,\"name\":\"Edicions anteriors\"}]},{\"@type\":\"WebSite\",\"@id\":\"https:\\\/\\\/www.nomenearth.es\\\/#website\",\"url\":\"https:\\\/\\\/www.nomenearth.es\\\/\",\"name\":\"Nomen Earth\",\"description\":\"#Comprom\u00e9teteConNomen\",\"potentialAction\":[{\"@type\":\"SearchAction\",\"target\":{\"@type\":\"EntryPoint\",\"urlTemplate\":\"https:\\\/\\\/www.nomenearth.es\\\/?s={search_term_string}\"},\"query-input\":{\"@type\":\"PropertyValueSpecification\",\"valueRequired\":true,\"valueName\":\"search_term_string\"}}],\"inLanguage\":\"ca\"}]}<\/script>\n<!-- \/ Yoast SEO plugin. -->","yoast_head_json":{"title":"Edicions anteriors - Nomen Earth","robots":{"index":"index","follow":"follow","max-snippet":"max-snippet:-1","max-image-preview":"max-image-preview:large","max-video-preview":"max-video-preview:-1"},"canonical":"https:\/\/www.nomenearth.es\/ca\/edicions-anteriors\/","og_locale":"ca_ES","og_type":"article","og_title":"Edicions anteriors - Nomen Earth","og_description":"EDICIONS ANTERIORSPrimera edici\u00f3 de Nomen Earth (2019-2020)La iniciativa Nomen Earth va n\u00e9ixer el 2019 amb la pretensi\u00f3 d'unir esfor\u00e7os a favor del medi ambient, de crear un producte de tots per a tots, invertint el 100% dels beneficis de les vendes generades a finan\u00e7ar accions a favor del medi ambient.Com ho vam fer?Comit\u00e8 de SostenibilitatPer [&hellip;]","og_url":"https:\/\/www.nomenearth.es\/ca\/edicions-anteriors\/","og_site_name":"Nomen Earth","article_modified_time":"2021-07-05T14:42:52+00:00","og_image":[{"width":752,"height":411,"url":"https:\/\/www.nomenearth.es\/wp-content\/uploads\/2021\/02\/2020-propuestas-medioambiente.png","type":"image\/png"}],"twitter_card":"summary_large_image","twitter_misc":{"Temps estimat de lectura":"7 minuts"},"schema":{"@context":"https:\/\/schema.org","@graph":[{"@type":"WebPage","@id":"https:\/\/www.nomenearth.es\/ca\/edicions-anteriors\/","url":"https:\/\/www.nomenearth.es\/ca\/edicions-anteriors\/","name":"Edicions anteriors - Nomen Earth","isPartOf":{"@id":"https:\/\/www.nomenearth.es\/#website"},"primaryImageOfPage":{"@id":"https:\/\/www.nomenearth.es\/ca\/edicions-anteriors\/#primaryimage"},"image":{"@id":"https:\/\/www.nomenearth.es\/ca\/edicions-anteriors\/#primaryimage"},"thumbnailUrl":"https:\/\/www.nomenearth.es\/wp-content\/uploads\/2021\/02\/2020-propuestas-medioambiente.png","datePublished":"2021-02-25T15:53:16+00:00","dateModified":"2021-07-05T14:42:52+00:00","breadcrumb":{"@id":"https:\/\/www.nomenearth.es\/ca\/edicions-anteriors\/#breadcrumb"},"inLanguage":"ca","potentialAction":[{"@type":"ReadAction","target":["https:\/\/www.nomenearth.es\/ca\/edicions-anteriors\/"]}]},{"@type":"ImageObject","inLanguage":"ca","@id":"https:\/\/www.nomenearth.es\/ca\/edicions-anteriors\/#primaryimage","url":"https:\/\/www.nomenearth.es\/wp-content\/uploads\/2021\/02\/2020-propuestas-medioambiente.png","contentUrl":"https:\/\/www.nomenearth.es\/wp-content\/uploads\/2021\/02\/2020-propuestas-medioambiente.png","width":752,"height":411},{"@type":"BreadcrumbList","@id":"https:\/\/www.nomenearth.es\/ca\/edicions-anteriors\/#breadcrumb","itemListElement":[{"@type":"ListItem","position":1,"name":"Portada","item":"https:\/\/www.nomenearth.es\/"},{"@type":"ListItem","position":2,"name":"Edicions anteriors"}]},{"@type":"WebSite","@id":"https:\/\/www.nomenearth.es\/#website","url":"https:\/\/www.nomenearth.es\/","name":"Nomen Earth","description":"#Comprom\u00e9teteConNomen","potentialAction":[{"@type":"SearchAction","target":{"@type":"EntryPoint","urlTemplate":"https:\/\/www.nomenearth.es\/?s={search_term_string}"},"query-input":{"@type":"PropertyValueSpecification","valueRequired":true,"valueName":"search_term_string"}}],"inLanguage":"ca"}]}},"_links":{"self":[{"href":"https:\/\/www.nomenearth.es\/ca\/wp-json\/wp\/v2\/pages\/8476","targetHints":{"allow":["GET"]}}],"collection":[{"href":"https:\/\/www.nomenearth.es\/ca\/wp-json\/wp\/v2\/pages"}],"about":[{"href":"https:\/\/www.nomenearth.es\/ca\/wp-json\/wp\/v2\/types\/page"}],"author":[{"embeddable":true,"href":"https:\/\/www.nomenearth.es\/ca\/wp-json\/wp\/v2\/users\/1"}],"replies":[{"embeddable":true,"href":"https:\/\/www.nomenearth.es\/ca\/wp-json\/wp\/v2\/comments?post=8476"}],"version-history":[{"count":9,"href":"https:\/\/www.nomenearth.es\/ca\/wp-json\/wp\/v2\/pages\/8476\/revisions"}],"predecessor-version":[{"id":11793,"href":"https:\/\/www.nomenearth.es\/ca\/wp-json\/wp\/v2\/pages\/8476\/revisions\/11793"}],"wp:featuredmedia":[{"embeddable":true,"href":"https:\/\/www.nomenearth.es\/ca\/wp-json\/wp\/v2\/media\/8441"}],"wp:attachment":[{"href":"https:\/\/www.nomenearth.es\/ca\/wp-json\/wp\/v2\/media?parent=8476"}],"curies":[{"name":"wp","href":"https:\/\/api.w.org\/{rel}","templated":true}]}}