{"id":5856,"date":"2020-01-31T19:17:44","date_gmt":"2020-01-31T18:17:44","guid":{"rendered":"https:\/\/www.nomenearth.es\/producte\/"},"modified":"2021-12-23T17:14:47","modified_gmt":"2021-12-23T16:14:47","slug":"producte","status":"publish","type":"page","link":"https:\/\/www.nomenearth.es\/ca\/producte\/","title":{"rendered":"Producte"},"content":{"rendered":"<p>[et_pb_section fb_built=&#8221;1&#8243; module_class=&#8221;section-title-intro&#8221; _builder_version=&#8221;4.0.5&#8243; background_image=&#8221;https:\/\/www.nomenearth.es\/wp-content\/uploads\/2019\/12\/landscape-P2SRD8P-1.png&#8221; custom_padding=&#8221;90px|||||&#8221; da_disable_devices=&#8221;off|off|off&#8221; collapsed=&#8221;off&#8221; da_is_popup=&#8221;off&#8221; da_exit_intent=&#8221;off&#8221; da_has_close=&#8221;on&#8221; da_alt_close=&#8221;off&#8221; da_dark_close=&#8221;off&#8221; da_not_modal=&#8221;on&#8221; da_is_singular=&#8221;off&#8221; da_with_loader=&#8221;off&#8221; da_has_shadow=&#8221;on&#8221;][et_pb_row _builder_version=&#8221;4.0.5&#8243;][et_pb_column type=&#8221;4_4&#8243; _builder_version=&#8221;4.0.5&#8243;][et_pb_text _builder_version=&#8221;4.0.5&#8243;]<\/p>\n<h1 style=\"text-align: center;\">L&#8217;ARR\u00d2S NOMEN EARTH<\/h1>\n<p>[\/et_pb_text][\/et_pb_column][\/et_pb_row][\/et_pb_section][et_pb_section fb_built=&#8221;1&#8243; disabled_on=&#8221;on|on|on&#8221; admin_label=&#8221;Cantidad recaudada&#8221; module_class=&#8221;home_section_2&#8243; _builder_version=&#8221;4.0.5&#8243; da_disable_devices=&#8221;off|off|off&#8221; disabled=&#8221;on&#8221; collapsed=&#8221;on&#8221; da_is_popup=&#8221;off&#8221; da_exit_intent=&#8221;off&#8221; da_has_close=&#8221;on&#8221; da_alt_close=&#8221;off&#8221; da_dark_close=&#8221;off&#8221; da_not_modal=&#8221;on&#8221; da_is_singular=&#8221;off&#8221; da_with_loader=&#8221;off&#8221; da_has_shadow=&#8221;on&#8221;][et_pb_row _builder_version=&#8221;4.0.5&#8243;][et_pb_column type=&#8221;4_4&#8243; _builder_version=&#8221;4.0.5&#8243;][et_pb_text _builder_version=&#8221;4.0.5&#8243; custom_margin=&#8221;||15px||false|false&#8221;]<\/p>\n<h2 style=\"text-align: center; color: #316335; margin-bottom: 0; padding-bottom: 0;\">Quantitat recaptada<\/h2>\n<p style=\"text-align: center;\">Beneficis aconseguits per les vendes efectuades a les cadenes de supermercats.<\/p>\n<p>[\/et_pb_text][et_pb_text admin_label=&#8221;contador&#8221; module_id=&#8221;contador&#8221; _builder_version=&#8221;4.0.5&#8243;]<iframe loading=\"lazy\" width=\"800\" height=\"300\" src=\"https:\/\/app.powerbi.com\/view?r=eyJrIjoiMTY3ODllNDEtZGZmZS00YmFmLTlmYjItM2VkY2NkNzBmODdhIiwidCI6ImRiNmUzYjEwLTBmOGUtNGIwMy04MjI0LTU4YzUwNWYwYTBjNiIsImMiOjl9\" frameborder=\"0\" allowFullScreen=\"true\"><\/iframe>[\/et_pb_text][et_pb_text _builder_version=&#8221;4.0.5&#8243;]<\/p>\n<p style=\"text-align: center;\"><span>El Comit\u00e8 de Sostenibilitat de Nomen Foods SL, sota certificat d&#8217;acta notarial, \u00e9s l&#8217;encarregat d&#8217;auditar que els beneficis generats i publicats seran \u00edntegrament aplicats a la causa que es determini un cop tancada la fase de propostes dels participants.<\/span><\/p>\n<h3 style=\"text-align: center;\">Ajuda\u2019ns a ajudar<\/h3>\n<p>[\/et_pb_text][et_pb_button button_url=&#8221;@ET-DC@eyJkeW5hbWljIjp0cnVlLCJjb250ZW50IjoicG9zdF9saW5rX3VybF9wYWdlIiwic2V0dGluZ3MiOnsicG9zdF9pZCI6IjIwNDQifX0=@&#8221; button_text=&#8221;No en restis al marge!&#8221; button_alignment=&#8221;center&#8221; _builder_version=&#8221;4.0.5&#8243; _dynamic_attributes=&#8221;button_url&#8221;][\/et_pb_button][\/et_pb_column][\/et_pb_row][\/et_pb_section][et_pb_section fb_built=&#8221;1&#8243; module_id=&#8221;delatierra&#8221; _builder_version=&#8221;4.0.5&#8243; custom_padding=&#8221;0px||0px|||&#8221; da_disable_devices=&#8221;off|off|off&#8221; da_is_popup=&#8221;off&#8221; da_exit_intent=&#8221;off&#8221; da_has_close=&#8221;on&#8221; da_alt_close=&#8221;off&#8221; da_dark_close=&#8221;off&#8221; da_not_modal=&#8221;on&#8221; da_is_singular=&#8221;off&#8221; da_with_loader=&#8221;off&#8221; da_has_shadow=&#8221;on&#8221;][et_pb_row _builder_version=&#8221;4.0.5&#8243; custom_padding=&#8221;||0px|||&#8221;][et_pb_column type=&#8221;4_4&#8243; _builder_version=&#8221;4.0.5&#8243;][et_pb_text module_id=&#8221;porlatierra&#8221; _builder_version=&#8221;4.0.5&#8243; text_font=&#8221;Asap|700|||||||&#8221; text_text_color=&#8221;#316335&#8243; text_font_size=&#8221;28px&#8221; text_orientation=&#8221;center&#8221; custom_padding=&#8221;15px||15px||false|false&#8221; inline_fonts=&#8221;Caveat&#8221;]<\/p>\n<h2><span style=\"font-size: 45px;\"><strong><span style=\"color: #316335;\">DE LA TERRA PER LA TERRA<\/span><\/strong><\/span><\/h2>\n<p>[\/et_pb_text][\/et_pb_column][\/et_pb_row][\/et_pb_section][et_pb_section fb_built=&#8221;1&#8243; module_id=&#8221;productos_section_2&#8243; _builder_version=&#8221;4.0.5&#8243; background_image=&#8221;https:\/\/www.nomenearth.es\/wp-content\/uploads\/2021\/01\/recurs-nomen-earth-planta.png&#8221; background_position=&#8221;top_center&#8221; custom_padding=&#8221;0px||0px||true|false&#8221; background_last_edited=&#8221;on|desktop&#8221; da_disable_devices=&#8221;off|off|off&#8221; da_is_popup=&#8221;off&#8221; da_exit_intent=&#8221;off&#8221; da_has_close=&#8221;on&#8221; da_alt_close=&#8221;off&#8221; da_dark_close=&#8221;off&#8221; da_not_modal=&#8221;on&#8221; da_is_singular=&#8221;off&#8221; da_with_loader=&#8221;off&#8221; da_has_shadow=&#8221;on&#8221;][et_pb_row column_structure=&#8221;1_2,1_2&#8243; make_equal=&#8221;on&#8221; _builder_version=&#8221;4.0.5&#8243; custom_padding=&#8221;0px||0px|||&#8221;][et_pb_column type=&#8221;1_2&#8243; _builder_version=&#8221;4.0.5&#8243;][et_pb_text _builder_version=&#8221;4.0.5&#8243;]<\/p>\n<p>A Nomen volem preservar el futur dels nostres fills i que les generacions futures puguin gaudir dels recursos naturals que ens ofereix el planeta.<\/p>\n<p>Per aix\u00f2, hem creat l&#8217;arr\u00f2s <strong>Nomen Earth<\/strong>, un producte amb el qual <strong>destinarem el 100% dels beneficis<\/strong> a una de les accions a favor del medi ambient que ens proposeu a trav\u00e9s de les xarxes socials de Nomen i del web Nomen Earth.<\/p>\n<p>Ajuda&#8217;ns a ajudar. Suma amb Nomen el teu gra d&#8217;arr\u00f2s per preservar el nostre planeta.<\/p>\n<p>[\/et_pb_text][\/et_pb_column][et_pb_column type=&#8221;1_2&#8243; _builder_version=&#8221;4.0.5&#8243;][et_pb_text _builder_version=&#8221;4.0.5&#8243;][\/et_pb_text][et_pb_image src=&#8221;https:\/\/www.nomenearth.es\/wp-content\/uploads\/2021\/01\/recurs-nomen-earth-planta-responsive-1.png&#8221; _builder_version=&#8221;4.0.5&#8243;][\/et_pb_image][\/et_pb_column][\/et_pb_row][\/et_pb_section][et_pb_section fb_built=&#8221;1&#8243; module_id=&#8221;home-s1&#8243; module_class=&#8221;home-s1&#8243; _builder_version=&#8221;4.0.5&#8243; background_image=&#8221;https:\/\/www.nomenearth.es\/wp-content\/uploads\/2021\/01\/background-slider-2021.jpg&#8221; custom_margin_tablet=&#8221;&#8221; custom_margin_phone=&#8221;&#8221; custom_margin_last_edited=&#8221;on|tablet&#8221; custom_padding=&#8221;60px||30px||false|false&#8221; da_disable_devices=&#8221;off|off|off&#8221; locked=&#8221;off&#8221; da_is_popup=&#8221;off&#8221; da_exit_intent=&#8221;off&#8221; da_has_close=&#8221;on&#8221; da_alt_close=&#8221;off&#8221; da_dark_close=&#8221;off&#8221; da_not_modal=&#8221;on&#8221; da_is_singular=&#8221;off&#8221; da_with_loader=&#8221;off&#8221; da_has_shadow=&#8221;on&#8221;][et_pb_row _builder_version=&#8221;4.0.5&#8243;][et_pb_column type=&#8221;4_4&#8243; _builder_version=&#8221;4.0.5&#8243;][et_pb_image src=&#8221;https:\/\/www.nomenearth.es\/wp-content\/uploads\/2021\/08\/NOMEN-EARTH-PACKAGING-HOME.png&#8221; align=&#8221;center&#8221; admin_label=&#8221;Imagen: disseny guanyador&#8221; _builder_version=&#8221;4.0.5&#8243; max_width=&#8221;870px&#8221; custom_padding_tablet=&#8221;80px||||false|false&#8221; custom_padding_phone=&#8221;0px||||false|false&#8221; custom_padding_last_edited=&#8221;on|phone&#8221; animation_style=&#8221;fade&#8221;][\/et_pb_image][et_pb_text admin_label=&#8221;Texto: NUEVO PAQUETE NOMEN EARTH 2021&#8243; module_class=&#8221;text-ya-tenemos&#8221; _builder_version=&#8221;4.0.5&#8243; text_font=&#8221;||||||||&#8221; text_text_color=&#8221;#4c340d&#8221; text_font_size=&#8221;18px&#8221; text_line_height=&#8221;1.8em&#8221; text_orientation=&#8221;center&#8221; max_width=&#8221;100%&#8221; module_alignment=&#8221;left&#8221; custom_margin=&#8221;||40px|||&#8221; custom_padding=&#8221;|15px||15px|false|false&#8221; hover_enabled=&#8221;0&#8243;]<\/p>\n<p><span style=\"color: #4c340d; font-weight: bold; font-size: 46px;\">NOU PAQUET NOMEN EARTH 2021<\/span><\/p>\n<p><span style=\"color: #4c340d; font-weight: bold; font-size: 30px;\">JA AL TEU SUPERMERCAT<\/span><\/p>\n<p>[\/et_pb_text][et_pb_button button_url=&#8221;https:\/\/www.nomenearth.es\/arroz-nomen-earth-solidario\/&#8221; button_text=&#8221;ON COMPRAR&#8221; button_alignment=&#8221;center&#8221; _builder_version=&#8221;4.0.5&#8243; custom_button=&#8221;on&#8221; button_text_color=&#8221;#316335&#8243; locked=&#8221;off&#8221;][\/et_pb_button][\/et_pb_column][\/et_pb_row][\/et_pb_section][et_pb_section fb_built=&#8221;1&#8243; disabled_on=&#8221;on|on|on&#8221; admin_label=&#8221;CREA LA IMAGEN&#8221; module_id=&#8221;creaimagen&#8221; _builder_version=&#8221;4.0.5&#8243; background_image=&#8221;https:\/\/www.nomenearth.es\/wp-content\/uploads\/2021\/01\/background-slider-2021.jpg&#8221; custom_padding=&#8221;62px||67px|||&#8221; da_disable_devices=&#8221;off|off|off&#8221; disabled=&#8221;on&#8221; da_is_popup=&#8221;off&#8221; da_exit_intent=&#8221;off&#8221; da_has_close=&#8221;on&#8221; da_alt_close=&#8221;off&#8221; da_dark_close=&#8221;off&#8221; da_not_modal=&#8221;on&#8221; da_is_singular=&#8221;off&#8221; da_with_loader=&#8221;off&#8221; da_has_shadow=&#8221;on&#8221;][et_pb_row _builder_version=&#8221;4.0.5&#8243;][et_pb_column type=&#8221;4_4&#8243; _builder_version=&#8221;4.0.5&#8243;][et_pb_text _builder_version=&#8221;4.0.5&#8243; text_font=&#8221;|700|||||||&#8221; text_text_color=&#8221;#4c340d&#8221; text_font_size=&#8221;40px&#8221; header_text_color=&#8221;#316335&#8243; text_orientation=&#8221;center&#8221;]<span style=\"font-family:'Kumbh Sans', sans-serif;\">CREA LA IMATGE DEL PACK NOMEN EARTH 2021<\/span>[\/et_pb_text][\/et_pb_column][\/et_pb_row][et_pb_row column_structure=&#8221;1_2,1_2&#8243; module_id=&#8221;tudiseno&#8221; _builder_version=&#8221;4.0.5&#8243; width=&#8221;100%&#8221; max_width=&#8221;100%&#8221; custom_margin=&#8221;16px|auto||auto||&#8221;][et_pb_column type=&#8221;1_2&#8243; _builder_version=&#8221;4.0.5&#8243;][et_pb_image src=&#8221;https:\/\/www.nomenearth.es\/wp-content\/uploads\/2021\/01\/PACK-2021-1.png&#8221; align=&#8221;right&#8221; align_tablet=&#8221;center&#8221; align_phone=&#8221;center&#8221; align_last_edited=&#8221;on|tablet&#8221; _builder_version=&#8221;4.0.5&#8243;][\/et_pb_image][\/et_pb_column][et_pb_column type=&#8221;1_2&#8243; _builder_version=&#8221;4.0.5&#8243;][et_pb_text _builder_version=&#8221;4.0.5&#8243; text_font=&#8221;Asap|700||on|||||&#8221; text_text_color=&#8221;#000000&#8243; text_font_size=&#8221;50px&#8221; header_text_color=&#8221;#000000&#8243; custom_margin=&#8221;48px||22px|||&#8221; text_font_size_tablet=&#8221;44px&#8221; text_font_size_phone=&#8221;40px&#8221; text_font_size_last_edited=&#8221;on|phone&#8221; text_orientation_tablet=&#8221;center&#8221; text_orientation_phone=&#8221;center&#8221; text_orientation_last_edited=&#8221;on|tablet&#8221;]<span class=\"gana\" style=\"color: #4c340d;font-family:'Kumbh Sans', sans-serif;\">I GUANYA 1.000\u20ac!<\/span>[\/et_pb_text][et_pb_text _builder_version=&#8221;4.0.5&#8243; text_text_color=&#8221;#4c340d&#8221; text_font_size=&#8221;20px&#8221; custom_margin=&#8221;9px||113px||false|false&#8221; text_orientation_tablet=&#8221;center&#8221; text_orientation_phone=&#8221;center&#8221; text_orientation_last_edited=&#8221;on|desktop&#8221;]<\/p>\n<p><span style=\"color: #4c340d;line-height:1.6em;\">O un dels lots de productes<br \/>Nomen per als finalistes.<\/span><\/p>\n<p>[\/et_pb_text][et_pb_button button_url=&#8221;@ET-DC@eyJkeW5hbWljIjp0cnVlLCJjb250ZW50IjoicG9zdF9saW5rX3VybF9wYWdlIiwic2V0dGluZ3MiOnsicG9zdF9pZCI6IjczNzUifX0=@&#8221; button_text=&#8221;ENVIA&#8217;NS EL TEU DIBUIX&#8221; button_alignment=&#8221;left&#8221; button_alignment_tablet=&#8221;center&#8221; button_alignment_phone=&#8221;center&#8221; button_alignment_last_edited=&#8221;on|desktop&#8221; module_class=&#8221;btn-envianos&#8221; _builder_version=&#8221;4.0.5&#8243; _dynamic_attributes=&#8221;button_url&#8221; custom_button=&#8221;on&#8221; button_text_color=&#8221;#ffffff&#8221; button_bg_color=&#8221;#316335&#8243; button_border_color=&#8221;#316335&#8243; button_border_radius=&#8221;25px&#8221; button_font=&#8221;|700|||||||&#8221; button_use_icon=&#8221;off&#8221; background_layout=&#8221;dark&#8221; custom_margin=&#8221;||||false|false&#8221; custom_css_main_element=&#8221;font-family:&#8217;Kumbh Sans&#8217;, sans-serif;||padding: unset !important;&#8221; custom_css_after_last_edited=&#8221;off|desktop&#8221;][\/et_pb_button][et_pb_text _builder_version=&#8221;4.0.5&#8243; _dynamic_attributes=&#8221;link_option_url&#8221; text_font_size=&#8221;16px&#8221; link_option_url=&#8221;@ET-DC@eyJkeW5hbWljIjp0cnVlLCJjb250ZW50IjoicG9zdF9saW5rX3VybF9wYWdlIiwic2V0dGluZ3MiOnsicG9zdF9pZCI6IjczNzkifX0=@&#8221; text_orientation_tablet=&#8221;center&#8221; text_orientation_phone=&#8221;center&#8221; text_orientation_last_edited=&#8221;on|desktop&#8221;]<span style=\"color: #4c340d;\"><a style=\"color: #4c340d;\" href=\"https:\/\/www.nomenearth.es\/wp-content\/uploads\/2021\/01\/Bases-legales.pdf\" target=\"_blank\" rel=\"noopener noreferrer\">Bases del concurs<\/a> | <\/span><a href=\"https:\/\/www.nomenearth.es\/cesion-de-derechos\/\" target=\"_blank\" rel=\"noopener noreferrer\"><span style=\"color: #4c340d;\">Cessi\u00f3 de drets<\/span><\/a>[\/et_pb_text][\/et_pb_column][\/et_pb_row][\/et_pb_section][et_pb_section fb_built=&#8221;1&#8243; disabled_on=&#8221;on|on|on&#8221; module_class=&#8221;producto_donde&#8221; _builder_version=&#8221;4.0.5&#8243; da_disable_devices=&#8221;off|off|off&#8221; disabled=&#8221;on&#8221; da_is_popup=&#8221;off&#8221; da_exit_intent=&#8221;off&#8221; da_has_close=&#8221;on&#8221; da_alt_close=&#8221;off&#8221; da_dark_close=&#8221;off&#8221; da_not_modal=&#8221;on&#8221; da_is_singular=&#8221;off&#8221; da_with_loader=&#8221;off&#8221; da_has_shadow=&#8221;on&#8221;][et_pb_row _builder_version=&#8221;4.0.5&#8243; custom_padding=&#8221;||||false|false&#8221;][et_pb_column type=&#8221;4_4&#8243; _builder_version=&#8221;4.0.5&#8243;][et_pb_text _builder_version=&#8221;4.0.5&#8243;]<\/p>\n<h2 style=\"text-align: center;\">On pots trobar l\u2019arr\u00f2s Nomen Earth?<\/h2>\n<p>[\/et_pb_text][\/et_pb_column][\/et_pb_row][et_pb_row column_structure=&#8221;1_2,1_6,1_6,1_6&#8243; _builder_version=&#8221;4.0.5&#8243;][et_pb_column type=&#8221;1_2&#8243; _builder_version=&#8221;4.0.5&#8243;][et_pb_image src=&#8221;https:\/\/www.nomenearth.es\/wp-content\/uploads\/2019\/12\/mapaarros-06.png&#8221; align=&#8221;center&#8221; _builder_version=&#8221;4.0.5&#8243;][\/et_pb_image][\/et_pb_column][et_pb_column type=&#8221;1_6&#8243; _builder_version=&#8221;4.0.5&#8243;][et_pb_image src=&#8221;https:\/\/www.nomenearth.es\/wp-content\/uploads\/2020\/01\/Group-4.png&#8221; url=&#8221;https:\/\/www.sorli.com\/ca\/&#8221; url_new_window=&#8221;on&#8221; align=&#8221;center&#8221; _builder_version=&#8221;4.0.5&#8243;][\/et_pb_image][et_pb_image src=&#8221;https:\/\/www.nomenearth.es\/wp-content\/uploads\/2020\/02\/gddusa.png&#8221; url=&#8221;http:\/\/www.grupodusa.com\/&#8221; url_new_window=&#8221;on&#8221; _builder_version=&#8221;4.0.5&#8243;][\/et_pb_image][\/et_pb_column][et_pb_column type=&#8221;1_6&#8243; _builder_version=&#8221;4.0.5&#8243;][et_pb_image src=&#8221;https:\/\/www.nomenearth.es\/wp-content\/uploads\/2020\/01\/Group.png&#8221; url=&#8221;https:\/\/www.plusfresc.cat\/&#8221; url_new_window=&#8221;on&#8221; align=&#8221;center&#8221; _builder_version=&#8221;4.0.5&#8243;][\/et_pb_image][et_pb_image src=&#8221;https:\/\/www.nomenearth.es\/wp-content\/uploads\/2020\/03\/confisur.png&#8221; url=&#8221;https:\/\/www.confisur.es\/&#8221; url_new_window=&#8221;on&#8221; _builder_version=&#8221;4.0.5&#8243;][\/et_pb_image][\/et_pb_column][et_pb_column type=&#8221;1_6&#8243; _builder_version=&#8221;4.0.5&#8243;][et_pb_image src=&#8221;https:\/\/www.nomenearth.es\/wp-content\/uploads\/2020\/02\/coviran.png&#8221; url=&#8221;https:\/\/www.coviran.es\/&#8221; url_new_window=&#8221;on&#8221; _builder_version=&#8221;4.0.5&#8243;][\/et_pb_image][et_pb_image src=&#8221;https:\/\/www.nomenearth.es\/wp-content\/uploads\/2020\/03\/casa-ametller.png&#8221; url=&#8221;https:\/\/ametllerorigen.cat\/ca\/&#8221; url_new_window=&#8221;on&#8221; _builder_version=&#8221;4.0.5&#8243;][\/et_pb_image][\/et_pb_column][\/et_pb_row][\/et_pb_section]<\/p>\n","protected":false},"excerpt":{"rendered":"<p>L&#8217;ARR\u00d2S NOMEN EARTHQuantitat recaptada Beneficis aconseguits per les vendes efectuades a les cadenes de supermercats.El Comit\u00e8 de Sostenibilitat de Nomen Foods SL, sota certificat d&#8217;acta notarial, \u00e9s l&#8217;encarregat d&#8217;auditar que els beneficis generats i publicats seran \u00edntegrament aplicats a la causa que es determini un cop tancada la fase de propostes dels participants. Ajuda\u2019ns a [&hellip;]<\/p>\n","protected":false},"author":1,"featured_media":0,"parent":0,"menu_order":0,"comment_status":"closed","ping_status":"closed","template":"","meta":{"_et_pb_use_builder":"on","_et_pb_old_content":"","_et_gb_content_width":"","footnotes":""},"class_list":["post-5856","page","type-page","status-publish","hentry"],"yoast_head":"<!-- This site is optimized with the Yoast SEO plugin v27.4 - https:\/\/yoast.com\/product\/yoast-seo-wordpress\/ -->\n<title>Producte - Nomen Earth<\/title>\n<meta name=\"robots\" content=\"index, follow, max-snippet:-1, max-image-preview:large, max-video-preview:-1\" \/>\n<link rel=\"canonical\" href=\"https:\/\/www.nomenearth.es\/productos\/\" \/>\n<meta property=\"og:locale\" content=\"ca_ES\" \/>\n<meta property=\"og:type\" content=\"article\" \/>\n<meta property=\"og:title\" content=\"Producte - Nomen Earth\" \/>\n<meta property=\"og:description\" content=\"L&#039;ARR\u00d2S NOMEN EARTHQuantitat recaptada Beneficis aconseguits per les vendes efectuades a les cadenes de supermercats.El Comit\u00e8 de Sostenibilitat de Nomen Foods SL, sota certificat d&#039;acta notarial, \u00e9s l&#039;encarregat d&#039;auditar que els beneficis generats i publicats seran \u00edntegrament aplicats a la causa que es determini un cop tancada la fase de propostes dels participants. Ajuda\u2019ns a [&hellip;]\" \/>\n<meta property=\"og:url\" content=\"https:\/\/www.nomenearth.es\/productos\/\" \/>\n<meta property=\"og:site_name\" content=\"Nomen Earth\" \/>\n<meta property=\"article:modified_time\" content=\"2021-12-23T16:14:47+00:00\" \/>\n<meta name=\"twitter:card\" content=\"summary_large_image\" \/>\n<meta name=\"twitter:label1\" content=\"Temps estimat de lectura\" \/>\n\t<meta name=\"twitter:data1\" content=\"9 minuts\" \/>\n<script type=\"application\/ld+json\" class=\"yoast-schema-graph\">{\"@context\":\"https:\\\/\\\/schema.org\",\"@graph\":[{\"@type\":\"WebPage\",\"@id\":\"https:\\\/\\\/www.nomenearth.es\\\/productos\\\/\",\"url\":\"https:\\\/\\\/www.nomenearth.es\\\/productos\\\/\",\"name\":\"Producte - Nomen Earth\",\"isPartOf\":{\"@id\":\"https:\\\/\\\/www.nomenearth.es\\\/#website\"},\"datePublished\":\"2020-01-31T18:17:44+00:00\",\"dateModified\":\"2021-12-23T16:14:47+00:00\",\"breadcrumb\":{\"@id\":\"https:\\\/\\\/www.nomenearth.es\\\/productos\\\/#breadcrumb\"},\"inLanguage\":\"ca\",\"potentialAction\":[{\"@type\":\"ReadAction\",\"target\":[\"https:\\\/\\\/www.nomenearth.es\\\/productos\\\/\"]}]},{\"@type\":\"BreadcrumbList\",\"@id\":\"https:\\\/\\\/www.nomenearth.es\\\/productos\\\/#breadcrumb\",\"itemListElement\":[{\"@type\":\"ListItem\",\"position\":1,\"name\":\"Portada\",\"item\":\"https:\\\/\\\/www.nomenearth.es\\\/\"},{\"@type\":\"ListItem\",\"position\":2,\"name\":\"Producte\"}]},{\"@type\":\"WebSite\",\"@id\":\"https:\\\/\\\/www.nomenearth.es\\\/#website\",\"url\":\"https:\\\/\\\/www.nomenearth.es\\\/\",\"name\":\"Nomen Earth\",\"description\":\"#Comprom\u00e9teteConNomen\",\"potentialAction\":[{\"@type\":\"SearchAction\",\"target\":{\"@type\":\"EntryPoint\",\"urlTemplate\":\"https:\\\/\\\/www.nomenearth.es\\\/?s={search_term_string}\"},\"query-input\":{\"@type\":\"PropertyValueSpecification\",\"valueRequired\":true,\"valueName\":\"search_term_string\"}}],\"inLanguage\":\"ca\"}]}<\/script>\n<!-- \/ Yoast SEO plugin. -->","yoast_head_json":{"title":"Producte - Nomen Earth","robots":{"index":"index","follow":"follow","max-snippet":"max-snippet:-1","max-image-preview":"max-image-preview:large","max-video-preview":"max-video-preview:-1"},"canonical":"https:\/\/www.nomenearth.es\/productos\/","og_locale":"ca_ES","og_type":"article","og_title":"Producte - Nomen Earth","og_description":"L'ARR\u00d2S NOMEN EARTHQuantitat recaptada Beneficis aconseguits per les vendes efectuades a les cadenes de supermercats.El Comit\u00e8 de Sostenibilitat de Nomen Foods SL, sota certificat d'acta notarial, \u00e9s l'encarregat d'auditar que els beneficis generats i publicats seran \u00edntegrament aplicats a la causa que es determini un cop tancada la fase de propostes dels participants. Ajuda\u2019ns a [&hellip;]","og_url":"https:\/\/www.nomenearth.es\/productos\/","og_site_name":"Nomen Earth","article_modified_time":"2021-12-23T16:14:47+00:00","twitter_card":"summary_large_image","twitter_misc":{"Temps estimat de lectura":"9 minuts"},"schema":{"@context":"https:\/\/schema.org","@graph":[{"@type":"WebPage","@id":"https:\/\/www.nomenearth.es\/productos\/","url":"https:\/\/www.nomenearth.es\/productos\/","name":"Producte - Nomen Earth","isPartOf":{"@id":"https:\/\/www.nomenearth.es\/#website"},"datePublished":"2020-01-31T18:17:44+00:00","dateModified":"2021-12-23T16:14:47+00:00","breadcrumb":{"@id":"https:\/\/www.nomenearth.es\/productos\/#breadcrumb"},"inLanguage":"ca","potentialAction":[{"@type":"ReadAction","target":["https:\/\/www.nomenearth.es\/productos\/"]}]},{"@type":"BreadcrumbList","@id":"https:\/\/www.nomenearth.es\/productos\/#breadcrumb","itemListElement":[{"@type":"ListItem","position":1,"name":"Portada","item":"https:\/\/www.nomenearth.es\/"},{"@type":"ListItem","position":2,"name":"Producte"}]},{"@type":"WebSite","@id":"https:\/\/www.nomenearth.es\/#website","url":"https:\/\/www.nomenearth.es\/","name":"Nomen Earth","description":"#Comprom\u00e9teteConNomen","potentialAction":[{"@type":"SearchAction","target":{"@type":"EntryPoint","urlTemplate":"https:\/\/www.nomenearth.es\/?s={search_term_string}"},"query-input":{"@type":"PropertyValueSpecification","valueRequired":true,"valueName":"search_term_string"}}],"inLanguage":"ca"}]}},"_links":{"self":[{"href":"https:\/\/www.nomenearth.es\/ca\/wp-json\/wp\/v2\/pages\/5856","targetHints":{"allow":["GET"]}}],"collection":[{"href":"https:\/\/www.nomenearth.es\/ca\/wp-json\/wp\/v2\/pages"}],"about":[{"href":"https:\/\/www.nomenearth.es\/ca\/wp-json\/wp\/v2\/types\/page"}],"author":[{"embeddable":true,"href":"https:\/\/www.nomenearth.es\/ca\/wp-json\/wp\/v2\/users\/1"}],"replies":[{"embeddable":true,"href":"https:\/\/www.nomenearth.es\/ca\/wp-json\/wp\/v2\/comments?post=5856"}],"version-history":[{"count":28,"href":"https:\/\/www.nomenearth.es\/ca\/wp-json\/wp\/v2\/pages\/5856\/revisions"}],"predecessor-version":[{"id":11935,"href":"https:\/\/www.nomenearth.es\/ca\/wp-json\/wp\/v2\/pages\/5856\/revisions\/11935"}],"wp:attachment":[{"href":"https:\/\/www.nomenearth.es\/ca\/wp-json\/wp\/v2\/media?parent=5856"}],"curies":[{"name":"wp","href":"https:\/\/api.w.org\/{rel}","templated":true}]}}