{"id":11658,"date":"2021-07-05T16:01:15","date_gmt":"2021-07-05T14:01:15","guid":{"rendered":"https:\/\/www.nomenearth.es\/?page_id=11658"},"modified":"2021-07-05T16:01:16","modified_gmt":"2021-07-05T14:01:16","slug":"joves-futurs-talents","status":"publish","type":"page","link":"https:\/\/www.nomenearth.es\/ca\/joves-futurs-talents\/","title":{"rendered":"Joves futurs talents"},"content":{"rendered":"<p>[et_pb_section fb_built=&#8221;1&#8243; module_id=&#8221;participa&#8221; module_class=&#8221;section-title-intro&#8221; _builder_version=&#8221;4.0.5&#8243; background_image=&#8221;https:\/\/www.nomenearth.es\/wp-content\/uploads\/2019\/12\/35.png&#8221; custom_padding=&#8221;50px|||||&#8221; da_disable_devices=&#8221;off|off|off&#8221; collapsed=&#8221;off&#8221; da_is_popup=&#8221;off&#8221; da_exit_intent=&#8221;off&#8221; da_has_close=&#8221;on&#8221; da_alt_close=&#8221;off&#8221; da_dark_close=&#8221;off&#8221; da_not_modal=&#8221;on&#8221; da_is_singular=&#8221;off&#8221; da_with_loader=&#8221;off&#8221; da_has_shadow=&#8221;on&#8221;][et_pb_row admin_label=&#8221;Fila&#8221; module_class=&#8221;titulo-finalistas&#8221; _builder_version=&#8221;4.0.5&#8243;][et_pb_column type=&#8221;4_4&#8243; _builder_version=&#8221;4.0.5&#8243;][et_pb_text admin_label=&#8221;Texto: T\u00edtulo&#8221; _builder_version=&#8221;4.0.5&#8243;]<\/p>\n<h1 style=\"text-align: center;\">JOVES FUTURS TALENTS<\/h1>\n<p>[\/et_pb_text][\/et_pb_column][\/et_pb_row][\/et_pb_section][et_pb_section fb_built=&#8221;1&#8243; _builder_version=&#8221;4.0.5&#8243; background_image=&#8221;https:\/\/www.nomenearth.es\/wp-content\/uploads\/2021\/04\/talentos-background.jpg&#8221; background_position=&#8221;top_center&#8221; custom_padding=&#8221;||28px||false|false&#8221; da_disable_devices=&#8221;off|off|off&#8221; collapsed=&#8221;off&#8221; da_is_popup=&#8221;off&#8221; da_exit_intent=&#8221;off&#8221; da_has_close=&#8221;on&#8221; da_alt_close=&#8221;off&#8221; da_dark_close=&#8221;off&#8221; da_not_modal=&#8221;on&#8221; da_is_singular=&#8221;off&#8221; da_with_loader=&#8221;off&#8221; da_has_shadow=&#8221;on&#8221;][et_pb_row module_class=&#8221;jtalentos&#8221; _builder_version=&#8221;4.0.5&#8243; custom_margin=&#8221;|auto|-8px|auto||&#8221; custom_padding=&#8221;||10px||false|false&#8221;][et_pb_column type=&#8221;4_4&#8243; _builder_version=&#8221;4.0.5&#8243;][et_pb_text admin_label=&#8221;Texto: FUTUROS TALENTOS 1&#8243; _builder_version=&#8221;4.0.5&#8243; text_font=&#8221;Ubuntu||||||||&#8221; text_text_color=&#8221;#316335&#8243; text_orientation=&#8221;center&#8221; max_width=&#8221;870px&#8221; module_alignment=&#8221;center&#8221; hover_enabled=&#8221;0&#8243; module_class=&#8221;jtalentos-t1&#8243;]<\/p>\n<p style=\"color: #316335; font-family: 'Kumbh Sans', sans-serif; font-size: 24px;\">L&#8217;equip de Nomen Earth vol agrair l&#8217;esfor\u00e7 de tots els participants de l&#8217;edici\u00f3 2021 del concurs de disseny de Nomen Earth, aix\u00ed com la contribuci\u00f3 del vostre granet d&#8217;arr\u00f2s per preservar el planeta.<\/p>\n<p>[\/et_pb_text][et_pb_text admin_label=&#8221;Texto: FUTUROS TALENTOS 2&#8243; _builder_version=&#8221;4.0.5&#8243; text_font=&#8221;Ubuntu||||||||&#8221; text_text_color=&#8221;#316335&#8243; text_orientation=&#8221;center&#8221; max_width=&#8221;870px&#8221; module_alignment=&#8221;center&#8221; hover_enabled=&#8221;0&#8243; module_class=&#8221;jtalentos-t2&#8243;]<\/p>\n<p style=\"color: #316335;font-family: 'Kumbh Sans', sans-serif;font-size:24px\">Volem fer una <strong>menci\u00f3 especial als participants m\u00e9s joves, els nostres futurs talents i guardians del planeta Terra<\/strong>. Ens satisf\u00e0 comprovar el vostre comprom\u00eds i sensibilitat amb les causes i projectes mediambientals.<\/p>\n<p>[\/et_pb_text][et_pb_text admin_label=&#8221;Texto: FUTUROS TALENTOS 3&#8243; _builder_version=&#8221;4.0.5&#8243; text_font=&#8221;Ubuntu||||||||&#8221; text_text_color=&#8221;#316335&#8243; text_orientation=&#8221;center&#8221; max_width=&#8221;870px&#8221; module_alignment=&#8221;center&#8221; hover_enabled=&#8221;0&#8243; module_class=&#8221;jtalentos-t3&#8243;]<\/p>\n<p style=\"color: #316335;font-family: 'Kumbh Sans', sans-serif;font-size:24px\">A continuaci\u00f3, us presentem els dissenys dels participants m\u00e9s joves perqu\u00e8 gaudiu del seu GRAN talent. <strong>Sens dubte, el futur del nostre planeta est\u00e0 en bones mans.<\/strong><\/p>\n<p>[\/et_pb_text][et_pb_text admin_label=&#8221;Texto: T\u00cdTULO&#8221; _builder_version=&#8221;4.0.5&#8243; text_font=&#8221;Gochi Hand||||||||&#8221; text_orientation=&#8221;center&#8221; custom_padding=&#8221;60px||||false|false&#8221;]<span style=\"color: #83c849 !important; font-size: 64px; text-shadow: -2px -2px 0 #316335, 2px -2px 0 #316335, -2px 2px 0 #316335, 2px 2px 0 #316335;line-height:0.9em;\">JOVES FUTURS TALENTS<\/span>[\/et_pb_text][et_pb_text admin_label=&#8221;Texto: hashtag&#8221; _builder_version=&#8221;4.0.5&#8243; text_font=&#8221;Gochi Hand||||||||&#8221; text_text_color=&#8221;#316335&#8243; text_font_size=&#8221;26px&#8221; text_orientation=&#8221;center&#8221;]<\/p>\n<p style=\"color:#316335;font-size:26px;font-family: 'Gochi Hand',handwriting;\">#TuGranitoDeArrozPorElPlaneta<\/p>\n<p>[\/et_pb_text][\/et_pb_column][\/et_pb_row][\/et_pb_section][et_pb_section fb_built=&#8221;1&#8243; _builder_version=&#8221;4.0.5&#8243; background_enable_color=&#8221;off&#8221; custom_padding=&#8221;4px|||||&#8221; custom_css_main_element=&#8221;background-color:#fffbf2;&#8221; da_disable_devices=&#8221;off|off|off&#8221; da_is_popup=&#8221;off&#8221; da_exit_intent=&#8221;off&#8221; da_has_close=&#8221;on&#8221; da_alt_close=&#8221;off&#8221; da_dark_close=&#8221;off&#8221; da_not_modal=&#8221;on&#8221; da_is_singular=&#8221;off&#8221; da_with_loader=&#8221;off&#8221; da_has_shadow=&#8221;on&#8221;][et_pb_row column_structure=&#8221;1_4,1_4,1_4,1_4&#8243; use_custom_gutter=&#8221;on&#8221; gutter_width=&#8221;1&#8243; make_equal=&#8221;on&#8221; _builder_version=&#8221;4.0.5&#8243; module_alignment=&#8221;center&#8221; custom_margin=&#8221;||0px||false|false&#8221; custom_padding=&#8221;||0px||false|false&#8221;][et_pb_column type=&#8221;1_4&#8243; _builder_version=&#8221;4.0.5&#8243;][et_pb_image src=&#8221;https:\/\/www.nomenearth.es\/wp-content\/uploads\/2021\/07\/Alba.png&#8221; alt=&#8221;Alba&#8221; title_text=&#8221;Alba&#8221; align=&#8221;center&#8221; admin_label=&#8221;Alba&#8221; _builder_version=&#8221;4.0.5&#8243;][\/et_pb_image][\/et_pb_column][et_pb_column type=&#8221;1_4&#8243; _builder_version=&#8221;4.0.5&#8243;][et_pb_image src=&#8221;https:\/\/www.nomenearth.es\/wp-content\/uploads\/2021\/07\/Alena.png&#8221; alt=&#8221;Alena&#8221; title_text=&#8221;Alena&#8221; align=&#8221;center&#8221; admin_label=&#8221;Alena&#8221; _builder_version=&#8221;4.0.5&#8243;][\/et_pb_image][\/et_pb_column][et_pb_column type=&#8221;1_4&#8243; _builder_version=&#8221;4.0.5&#8243;][et_pb_image src=&#8221;https:\/\/www.nomenearth.es\/wp-content\/uploads\/2021\/07\/Alum.png&#8221; alt=&#8221;Alum&#8221; title_text=&#8221;Alum&#8221; align=&#8221;center&#8221; admin_label=&#8221;Alum&#8221; _builder_version=&#8221;4.0.5&#8243;][\/et_pb_image][\/et_pb_column][et_pb_column type=&#8221;1_4&#8243; _builder_version=&#8221;4.0.5&#8243;][et_pb_image src=&#8221;https:\/\/www.nomenearth.es\/wp-content\/uploads\/2021\/07\/Ana.png&#8221; alt=&#8221;Ana&#8221; title_text=&#8221;Ana&#8221; align=&#8221;center&#8221; admin_label=&#8221;Ana&#8221; _builder_version=&#8221;4.0.5&#8243;][\/et_pb_image][\/et_pb_column][\/et_pb_row][et_pb_row column_structure=&#8221;1_4,1_4,1_4,1_4&#8243; use_custom_gutter=&#8221;on&#8221; gutter_width=&#8221;1&#8243; make_equal=&#8221;on&#8221; _builder_version=&#8221;4.0.5&#8243; module_alignment=&#8221;center&#8221; custom_margin=&#8221;0px||0px||false|false&#8221; custom_padding=&#8221;0px||0px||false|false&#8221;][et_pb_column type=&#8221;1_4&#8243; _builder_version=&#8221;4.0.5&#8243;][et_pb_image src=&#8221;https:\/\/www.nomenearth.es\/wp-content\/uploads\/2021\/04\/Angela.png&#8221; alt=&#8221;\u00c1ngela&#8221; title_text=&#8221;\u00c1ngela&#8221; align=&#8221;center&#8221; admin_label=&#8221;Angela&#8221; _builder_version=&#8221;4.0.5&#8243;][\/et_pb_image][\/et_pb_column][et_pb_column type=&#8221;1_4&#8243; _builder_version=&#8221;4.0.5&#8243;][et_pb_image src=&#8221;https:\/\/www.nomenearth.es\/wp-content\/uploads\/2021\/04\/Carla.png&#8221; alt=&#8221;Carla&#8221; title_text=&#8221;Carla&#8221; align=&#8221;center&#8221; admin_label=&#8221;Carla&#8221; _builder_version=&#8221;4.0.5&#8243;][\/et_pb_image][\/et_pb_column][et_pb_column type=&#8221;1_4&#8243; _builder_version=&#8221;4.0.5&#8243;][et_pb_image src=&#8221;https:\/\/www.nomenearth.es\/wp-content\/uploads\/2021\/04\/Cristina.png&#8221; alt=&#8221;Cristina&#8221; title_text=&#8221;Cristina&#8221; align=&#8221;center&#8221; admin_label=&#8221;Cristina&#8221; _builder_version=&#8221;4.0.5&#8243;][\/et_pb_image][\/et_pb_column][et_pb_column type=&#8221;1_4&#8243; _builder_version=&#8221;4.0.5&#8243;][et_pb_image src=&#8221;https:\/\/www.nomenearth.es\/wp-content\/uploads\/2021\/04\/Dana.png&#8221; alt=&#8221;Dana&#8221; title_text=&#8221;Dana&#8221; align=&#8221;center&#8221; admin_label=&#8221;Dana&#8221; _builder_version=&#8221;4.0.5&#8243;][\/et_pb_image][\/et_pb_column][\/et_pb_row][et_pb_row column_structure=&#8221;1_4,1_4,1_4,1_4&#8243; use_custom_gutter=&#8221;on&#8221; gutter_width=&#8221;1&#8243; make_equal=&#8221;on&#8221; _builder_version=&#8221;4.0.5&#8243; module_alignment=&#8221;center&#8221; custom_margin=&#8221;0px||0px||false|false&#8221; custom_padding=&#8221;0px||0px||false|false&#8221;][et_pb_column type=&#8221;1_4&#8243; _builder_version=&#8221;4.0.5&#8243;][et_pb_image src=&#8221;https:\/\/www.nomenearth.es\/wp-content\/uploads\/2021\/04\/Federica.png&#8221; alt=&#8221;Federica&#8221; title_text=&#8221;Federica&#8221; align=&#8221;center&#8221; admin_label=&#8221;Federica&#8221; _builder_version=&#8221;4.0.5&#8243;][\/et_pb_image][\/et_pb_column][et_pb_column type=&#8221;1_4&#8243; _builder_version=&#8221;4.0.5&#8243;][et_pb_image src=&#8221;https:\/\/www.nomenearth.es\/wp-content\/uploads\/2021\/04\/Fina.png&#8221; alt=&#8221;Fina&#8221; title_text=&#8221;Fina&#8221; align=&#8221;center&#8221; admin_label=&#8221;Fina&#8221; _builder_version=&#8221;4.0.5&#8243;][\/et_pb_image][\/et_pb_column][et_pb_column type=&#8221;1_4&#8243; _builder_version=&#8221;4.0.5&#8243;][et_pb_image src=&#8221;https:\/\/www.nomenearth.es\/wp-content\/uploads\/2021\/04\/FinaV.png&#8221; alt=&#8221;Fina V&#8221; title_text=&#8221;Fina V&#8221; align=&#8221;center&#8221; admin_label=&#8221;FinaV&#8221; _builder_version=&#8221;4.0.5&#8243;][\/et_pb_image][\/et_pb_column][et_pb_column type=&#8221;1_4&#8243; _builder_version=&#8221;4.0.5&#8243;][et_pb_image src=&#8221;https:\/\/www.nomenearth.es\/wp-content\/uploads\/2021\/04\/Klara.png&#8221; alt=&#8221;Klara&#8221; title_text=&#8221;Klara&#8221; align=&#8221;center&#8221; admin_label=&#8221;Klara&#8221; _builder_version=&#8221;4.0.5&#8243;][\/et_pb_image][\/et_pb_column][\/et_pb_row][et_pb_row column_structure=&#8221;1_4,1_4,1_4,1_4&#8243; use_custom_gutter=&#8221;on&#8221; gutter_width=&#8221;1&#8243; make_equal=&#8221;on&#8221; _builder_version=&#8221;4.0.5&#8243; module_alignment=&#8221;center&#8221; custom_margin=&#8221;0px||0px||false|false&#8221; custom_padding=&#8221;0px||0px||false|false&#8221;][et_pb_column type=&#8221;1_4&#8243; _builder_version=&#8221;4.0.5&#8243;][et_pb_image src=&#8221;https:\/\/www.nomenearth.es\/wp-content\/uploads\/2021\/04\/Laura.png&#8221; alt=&#8221;Laura&#8221; title_text=&#8221;Laura&#8221; align=&#8221;center&#8221; admin_label=&#8221;Laura&#8221; _builder_version=&#8221;4.0.5&#8243;][\/et_pb_image][\/et_pb_column][et_pb_column type=&#8221;1_4&#8243; _builder_version=&#8221;4.0.5&#8243;][et_pb_image src=&#8221;https:\/\/www.nomenearth.es\/wp-content\/uploads\/2021\/04\/Lourdes.png&#8221; alt=&#8221;Lourdes&#8221; title_text=&#8221;Lourdes&#8221; align=&#8221;center&#8221; admin_label=&#8221;Lourdes&#8221; _builder_version=&#8221;4.0.5&#8243;][\/et_pb_image][\/et_pb_column][et_pb_column type=&#8221;1_4&#8243; _builder_version=&#8221;4.0.5&#8243;][et_pb_image src=&#8221;https:\/\/www.nomenearth.es\/wp-content\/uploads\/2021\/04\/LuisaMaria.png&#8221; alt=&#8221;Lu\u00edsa Mar\u00eda&#8221; title_text=&#8221;Lu\u00edsa Mar\u00eda&#8221; align=&#8221;center&#8221; admin_label=&#8221;LuisaMaria&#8221; _builder_version=&#8221;4.0.5&#8243;][\/et_pb_image][\/et_pb_column][et_pb_column type=&#8221;1_4&#8243; _builder_version=&#8221;4.0.5&#8243;][et_pb_image src=&#8221;https:\/\/www.nomenearth.es\/wp-content\/uploads\/2021\/04\/Maria.png&#8221; alt=&#8221;Mar\u00eda&#8221; title_text=&#8221;Mar\u00eda&#8221; align=&#8221;center&#8221; admin_label=&#8221;Maria&#8221; _builder_version=&#8221;4.0.5&#8243;][\/et_pb_image][\/et_pb_column][\/et_pb_row][et_pb_row column_structure=&#8221;1_4,1_4,1_4,1_4&#8243; use_custom_gutter=&#8221;on&#8221; gutter_width=&#8221;1&#8243; make_equal=&#8221;on&#8221; _builder_version=&#8221;4.0.5&#8243; module_alignment=&#8221;center&#8221; custom_margin=&#8221;0px||0px||false|false&#8221; custom_padding=&#8221;0px||0px||false|false&#8221;][et_pb_column type=&#8221;1_4&#8243; _builder_version=&#8221;4.0.5&#8243;][et_pb_image src=&#8221;https:\/\/www.nomenearth.es\/wp-content\/uploads\/2021\/04\/Maria_.png&#8221; alt=&#8221;Mar\u00eda&#8221; title_text=&#8221;Mar\u00eda&#8221; align=&#8221;center&#8221; admin_label=&#8221;Maria_&#8221; _builder_version=&#8221;4.0.5&#8243;][\/et_pb_image][\/et_pb_column][et_pb_column type=&#8221;1_4&#8243; _builder_version=&#8221;4.0.5&#8243;][et_pb_image src=&#8221;https:\/\/www.nomenearth.es\/wp-content\/uploads\/2021\/04\/MariaElena.png&#8221; alt=&#8221;Mar\u00eda Elena&#8221; title_text=&#8221;Mar\u00eda Elena&#8221; align=&#8221;center&#8221; admin_label=&#8221;MariaElena&#8221; _builder_version=&#8221;4.0.5&#8243;][\/et_pb_image][\/et_pb_column][et_pb_column type=&#8221;1_4&#8243; _builder_version=&#8221;4.0.5&#8243;][et_pb_image src=&#8221;https:\/\/www.nomenearth.es\/wp-content\/uploads\/2021\/04\/MariaFelisa.png&#8221; alt=&#8221;Mar\u00eda Felisa&#8221; title_text=&#8221;Mar\u00eda Felisa&#8221; align=&#8221;center&#8221; admin_label=&#8221;MariaFelisa&#8221; _builder_version=&#8221;4.0.5&#8243;][\/et_pb_image][\/et_pb_column][et_pb_column type=&#8221;1_4&#8243; _builder_version=&#8221;4.0.5&#8243;][et_pb_image src=&#8221;https:\/\/www.nomenearth.es\/wp-content\/uploads\/2021\/04\/MariaLuisa.png&#8221; alt=&#8221;Mar\u00eda Lu\u00edsa&#8221; title_text=&#8221;Mar\u00eda Lu\u00edsa&#8221; align=&#8221;center&#8221; admin_label=&#8221;Mar\u00eda Lu\u00edsa&#8221; _builder_version=&#8221;4.0.5&#8243;][\/et_pb_image][\/et_pb_column][\/et_pb_row][et_pb_row column_structure=&#8221;1_4,1_4,1_4,1_4&#8243; use_custom_gutter=&#8221;on&#8221; gutter_width=&#8221;1&#8243; make_equal=&#8221;on&#8221; _builder_version=&#8221;4.0.5&#8243; module_alignment=&#8221;center&#8221; custom_margin=&#8221;0px||0px||false|false&#8221; custom_padding=&#8221;0px||0px||false|false&#8221;][et_pb_column type=&#8221;1_4&#8243; _builder_version=&#8221;4.0.5&#8243;][et_pb_image src=&#8221;https:\/\/www.nomenearth.es\/wp-content\/uploads\/2021\/04\/MariCarmen.png&#8221; alt=&#8221;MariCarmen&#8221; title_text=&#8221;MariCarmen&#8221; align=&#8221;center&#8221; admin_label=&#8221;MariCarmen&#8221; _builder_version=&#8221;4.0.5&#8243;][\/et_pb_image][\/et_pb_column][et_pb_column type=&#8221;1_4&#8243; _builder_version=&#8221;4.0.5&#8243;][et_pb_image src=&#8221;https:\/\/www.nomenearth.es\/wp-content\/uploads\/2021\/04\/Montse.png&#8221; alt=&#8221;Montse&#8221; title_text=&#8221;Montse&#8221; align=&#8221;center&#8221; admin_label=&#8221;Montse&#8221; _builder_version=&#8221;4.0.5&#8243;][\/et_pb_image][\/et_pb_column][et_pb_column type=&#8221;1_4&#8243; _builder_version=&#8221;4.0.5&#8243;][et_pb_image src=&#8221;https:\/\/www.nomenearth.es\/wp-content\/uploads\/2021\/04\/Natasa.png&#8221; alt=&#8221;Natasa&#8221; title_text=&#8221;Natasa&#8221; align=&#8221;center&#8221; admin_label=&#8221;Natasa&#8221; _builder_version=&#8221;4.0.5&#8243;][\/et_pb_image][\/et_pb_column][et_pb_column type=&#8221;1_4&#8243; _builder_version=&#8221;4.0.5&#8243;][et_pb_image src=&#8221;https:\/\/www.nomenearth.es\/wp-content\/uploads\/2021\/04\/Paco.png&#8221; alt=&#8221;Paco&#8221; title_text=&#8221;Paco&#8221; align=&#8221;center&#8221; admin_label=&#8221;Paco&#8221; _builder_version=&#8221;4.0.5&#8243;][\/et_pb_image][\/et_pb_column][\/et_pb_row][et_pb_row column_structure=&#8221;1_4,1_4,1_4,1_4&#8243; use_custom_gutter=&#8221;on&#8221; gutter_width=&#8221;1&#8243; make_equal=&#8221;on&#8221; _builder_version=&#8221;4.0.5&#8243; module_alignment=&#8221;center&#8221; custom_margin=&#8221;0px||0px||false|false&#8221; custom_padding=&#8221;0px||0px||false|false&#8221;][et_pb_column type=&#8221;1_4&#8243; _builder_version=&#8221;4.0.5&#8243;][et_pb_image src=&#8221;https:\/\/www.nomenearth.es\/wp-content\/uploads\/2021\/04\/Paquita.png&#8221; alt=&#8221;Paquita&#8221; title_text=&#8221;Paquita&#8221; align=&#8221;center&#8221; admin_label=&#8221;Paquita&#8221; _builder_version=&#8221;4.0.5&#8243;][\/et_pb_image][\/et_pb_column][et_pb_column type=&#8221;1_4&#8243; _builder_version=&#8221;4.0.5&#8243;][et_pb_image src=&#8221;https:\/\/www.nomenearth.es\/wp-content\/uploads\/2021\/04\/Paquita_.png&#8221; alt=&#8221;Paquita&#8221; title_text=&#8221;Paquita&#8221; align=&#8221;center&#8221; admin_label=&#8221;Paquita_&#8221; _builder_version=&#8221;4.0.5&#8243;][\/et_pb_image][\/et_pb_column][et_pb_column type=&#8221;1_4&#8243; _builder_version=&#8221;4.0.5&#8243;][et_pb_image src=&#8221;https:\/\/www.nomenearth.es\/wp-content\/uploads\/2021\/04\/Rosa.png&#8221; alt=&#8221;Rosa&#8221; title_text=&#8221;Rosa&#8221; align=&#8221;center&#8221; admin_label=&#8221;Rosa&#8221; _builder_version=&#8221;4.0.5&#8243;][\/et_pb_image][\/et_pb_column][et_pb_column type=&#8221;1_4&#8243; _builder_version=&#8221;4.0.5&#8243;][et_pb_image src=&#8221;https:\/\/www.nomenearth.es\/wp-content\/uploads\/2021\/04\/Rosa_.png&#8221; alt=&#8221;Rosa&#8221; title_text=&#8221;Rosa&#8221; align=&#8221;center&#8221; admin_label=&#8221;Rosa_&#8221; _builder_version=&#8221;4.0.5&#8243;][\/et_pb_image][\/et_pb_column][\/et_pb_row][et_pb_row column_structure=&#8221;1_4,1_4,1_4,1_4&#8243; use_custom_gutter=&#8221;on&#8221; gutter_width=&#8221;1&#8243; make_equal=&#8221;on&#8221; _builder_version=&#8221;4.0.5&#8243; module_alignment=&#8221;center&#8221; custom_margin=&#8221;0px||||false|false&#8221; custom_padding=&#8221;0px||||false|false&#8221;][et_pb_column type=&#8221;1_4&#8243; _builder_version=&#8221;4.0.5&#8243;][et_pb_image src=&#8221;https:\/\/www.nomenearth.es\/wp-content\/uploads\/2021\/07\/Telmo.png&#8221; alt=&#8221;Telmo&#8221; title_text=&#8221;Telmo&#8221; align=&#8221;center&#8221; admin_label=&#8221;Telmo&#8221; _builder_version=&#8221;4.0.5&#8243;][\/et_pb_image][\/et_pb_column][et_pb_column type=&#8221;1_4&#8243; _builder_version=&#8221;4.0.5&#8243;][et_pb_image src=&#8221;https:\/\/www.nomenearth.es\/wp-content\/uploads\/2021\/04\/Teresa.png&#8221; alt=&#8221;Teresa&#8221; title_text=&#8221;Teresa&#8221; align=&#8221;center&#8221; admin_label=&#8221;Teresa&#8221; _builder_version=&#8221;4.0.5&#8243;][\/et_pb_image][\/et_pb_column][et_pb_column type=&#8221;1_4&#8243; _builder_version=&#8221;4.0.5&#8243;][et_pb_image src=&#8221;https:\/\/www.nomenearth.es\/wp-content\/uploads\/2021\/04\/Tesla.png&#8221; alt=&#8221;Tesla&#8221; title_text=&#8221;Tesla&#8221; align=&#8221;center&#8221; admin_label=&#8221;Tesla&#8221; _builder_version=&#8221;4.0.5&#8243;][\/et_pb_image][\/et_pb_column][et_pb_column type=&#8221;1_4&#8243; _builder_version=&#8221;4.0.5&#8243;][et_pb_image src=&#8221;https:\/\/www.nomenearth.es\/wp-content\/uploads\/2021\/04\/Victor.png&#8221; alt=&#8221;Victor&#8221; title_text=&#8221;Victor&#8221; align=&#8221;center&#8221; admin_label=&#8221;Victor&#8221; _builder_version=&#8221;4.0.5&#8243;][\/et_pb_image][\/et_pb_column][\/et_pb_row][\/et_pb_section]<\/p>\n","protected":false},"excerpt":{"rendered":"<p>JOVES FUTURS TALENTSL&#8217;equip de Nomen Earth vol agrair l&#8217;esfor\u00e7 de tots els participants de l&#8217;edici\u00f3 2021 del concurs de disseny de Nomen Earth, aix\u00ed com la contribuci\u00f3 del vostre granet d&#8217;arr\u00f2s per preservar el planeta.Volem fer una menci\u00f3 especial als participants m\u00e9s joves, els nostres futurs talents i guardians del planeta Terra. Ens satisf\u00e0 comprovar [&hellip;]<\/p>\n","protected":false},"author":1,"featured_media":0,"parent":0,"menu_order":0,"comment_status":"closed","ping_status":"closed","template":"","meta":{"_et_pb_use_builder":"on","_et_pb_old_content":"","_et_gb_content_width":"","footnotes":""},"class_list":["post-11658","page","type-page","status-publish","hentry"],"yoast_head":"<!-- This site is optimized with the Yoast SEO plugin v27.4 - https:\/\/yoast.com\/product\/yoast-seo-wordpress\/ -->\n<title>Joves futurs talents - Nomen Earth<\/title>\n<meta name=\"robots\" content=\"index, follow, max-snippet:-1, max-image-preview:large, max-video-preview:-1\" \/>\n<link rel=\"canonical\" href=\"https:\/\/www.nomenearth.es\/ca\/joves-futurs-talents\/\" \/>\n<meta property=\"og:locale\" content=\"ca_ES\" \/>\n<meta property=\"og:type\" content=\"article\" \/>\n<meta property=\"og:title\" content=\"Joves futurs talents - Nomen Earth\" \/>\n<meta property=\"og:description\" content=\"JOVES FUTURS TALENTSL&#039;equip de Nomen Earth vol agrair l&#039;esfor\u00e7 de tots els participants de l&#039;edici\u00f3 2021 del concurs de disseny de Nomen Earth, aix\u00ed com la contribuci\u00f3 del vostre granet d&#039;arr\u00f2s per preservar el planeta.Volem fer una menci\u00f3 especial als participants m\u00e9s joves, els nostres futurs talents i guardians del planeta Terra. Ens satisf\u00e0 comprovar [&hellip;]\" \/>\n<meta property=\"og:url\" content=\"https:\/\/www.nomenearth.es\/ca\/joves-futurs-talents\/\" \/>\n<meta property=\"og:site_name\" content=\"Nomen Earth\" \/>\n<meta property=\"article:modified_time\" content=\"2021-07-05T14:01:16+00:00\" \/>\n<meta name=\"twitter:card\" content=\"summary_large_image\" \/>\n<meta name=\"twitter:label1\" content=\"Temps estimat de lectura\" \/>\n\t<meta name=\"twitter:data1\" content=\"10 minuts\" \/>\n<script type=\"application\/ld+json\" class=\"yoast-schema-graph\">{\"@context\":\"https:\\\/\\\/schema.org\",\"@graph\":[{\"@type\":\"WebPage\",\"@id\":\"https:\\\/\\\/www.nomenearth.es\\\/ca\\\/joves-futurs-talents\\\/\",\"url\":\"https:\\\/\\\/www.nomenearth.es\\\/ca\\\/joves-futurs-talents\\\/\",\"name\":\"Joves futurs talents - Nomen Earth\",\"isPartOf\":{\"@id\":\"https:\\\/\\\/www.nomenearth.es\\\/#website\"},\"datePublished\":\"2021-07-05T14:01:15+00:00\",\"dateModified\":\"2021-07-05T14:01:16+00:00\",\"breadcrumb\":{\"@id\":\"https:\\\/\\\/www.nomenearth.es\\\/ca\\\/joves-futurs-talents\\\/#breadcrumb\"},\"inLanguage\":\"ca\",\"potentialAction\":[{\"@type\":\"ReadAction\",\"target\":[\"https:\\\/\\\/www.nomenearth.es\\\/ca\\\/joves-futurs-talents\\\/\"]}]},{\"@type\":\"BreadcrumbList\",\"@id\":\"https:\\\/\\\/www.nomenearth.es\\\/ca\\\/joves-futurs-talents\\\/#breadcrumb\",\"itemListElement\":[{\"@type\":\"ListItem\",\"position\":1,\"name\":\"Portada\",\"item\":\"https:\\\/\\\/www.nomenearth.es\\\/\"},{\"@type\":\"ListItem\",\"position\":2,\"name\":\"Joves futurs talents\"}]},{\"@type\":\"WebSite\",\"@id\":\"https:\\\/\\\/www.nomenearth.es\\\/#website\",\"url\":\"https:\\\/\\\/www.nomenearth.es\\\/\",\"name\":\"Nomen Earth\",\"description\":\"#Comprom\u00e9teteConNomen\",\"potentialAction\":[{\"@type\":\"SearchAction\",\"target\":{\"@type\":\"EntryPoint\",\"urlTemplate\":\"https:\\\/\\\/www.nomenearth.es\\\/?s={search_term_string}\"},\"query-input\":{\"@type\":\"PropertyValueSpecification\",\"valueRequired\":true,\"valueName\":\"search_term_string\"}}],\"inLanguage\":\"ca\"}]}<\/script>\n<!-- \/ Yoast SEO plugin. -->","yoast_head_json":{"title":"Joves futurs talents - Nomen Earth","robots":{"index":"index","follow":"follow","max-snippet":"max-snippet:-1","max-image-preview":"max-image-preview:large","max-video-preview":"max-video-preview:-1"},"canonical":"https:\/\/www.nomenearth.es\/ca\/joves-futurs-talents\/","og_locale":"ca_ES","og_type":"article","og_title":"Joves futurs talents - Nomen Earth","og_description":"JOVES FUTURS TALENTSL'equip de Nomen Earth vol agrair l'esfor\u00e7 de tots els participants de l'edici\u00f3 2021 del concurs de disseny de Nomen Earth, aix\u00ed com la contribuci\u00f3 del vostre granet d'arr\u00f2s per preservar el planeta.Volem fer una menci\u00f3 especial als participants m\u00e9s joves, els nostres futurs talents i guardians del planeta Terra. Ens satisf\u00e0 comprovar [&hellip;]","og_url":"https:\/\/www.nomenearth.es\/ca\/joves-futurs-talents\/","og_site_name":"Nomen Earth","article_modified_time":"2021-07-05T14:01:16+00:00","twitter_card":"summary_large_image","twitter_misc":{"Temps estimat de lectura":"10 minuts"},"schema":{"@context":"https:\/\/schema.org","@graph":[{"@type":"WebPage","@id":"https:\/\/www.nomenearth.es\/ca\/joves-futurs-talents\/","url":"https:\/\/www.nomenearth.es\/ca\/joves-futurs-talents\/","name":"Joves futurs talents - Nomen Earth","isPartOf":{"@id":"https:\/\/www.nomenearth.es\/#website"},"datePublished":"2021-07-05T14:01:15+00:00","dateModified":"2021-07-05T14:01:16+00:00","breadcrumb":{"@id":"https:\/\/www.nomenearth.es\/ca\/joves-futurs-talents\/#breadcrumb"},"inLanguage":"ca","potentialAction":[{"@type":"ReadAction","target":["https:\/\/www.nomenearth.es\/ca\/joves-futurs-talents\/"]}]},{"@type":"BreadcrumbList","@id":"https:\/\/www.nomenearth.es\/ca\/joves-futurs-talents\/#breadcrumb","itemListElement":[{"@type":"ListItem","position":1,"name":"Portada","item":"https:\/\/www.nomenearth.es\/"},{"@type":"ListItem","position":2,"name":"Joves futurs talents"}]},{"@type":"WebSite","@id":"https:\/\/www.nomenearth.es\/#website","url":"https:\/\/www.nomenearth.es\/","name":"Nomen Earth","description":"#Comprom\u00e9teteConNomen","potentialAction":[{"@type":"SearchAction","target":{"@type":"EntryPoint","urlTemplate":"https:\/\/www.nomenearth.es\/?s={search_term_string}"},"query-input":{"@type":"PropertyValueSpecification","valueRequired":true,"valueName":"search_term_string"}}],"inLanguage":"ca"}]}},"_links":{"self":[{"href":"https:\/\/www.nomenearth.es\/ca\/wp-json\/wp\/v2\/pages\/11658","targetHints":{"allow":["GET"]}}],"collection":[{"href":"https:\/\/www.nomenearth.es\/ca\/wp-json\/wp\/v2\/pages"}],"about":[{"href":"https:\/\/www.nomenearth.es\/ca\/wp-json\/wp\/v2\/types\/page"}],"author":[{"embeddable":true,"href":"https:\/\/www.nomenearth.es\/ca\/wp-json\/wp\/v2\/users\/1"}],"replies":[{"embeddable":true,"href":"https:\/\/www.nomenearth.es\/ca\/wp-json\/wp\/v2\/comments?post=11658"}],"version-history":[{"count":5,"href":"https:\/\/www.nomenearth.es\/ca\/wp-json\/wp\/v2\/pages\/11658\/revisions"}],"predecessor-version":[{"id":11763,"href":"https:\/\/www.nomenearth.es\/ca\/wp-json\/wp\/v2\/pages\/11658\/revisions\/11763"}],"wp:attachment":[{"href":"https:\/\/www.nomenearth.es\/ca\/wp-json\/wp\/v2\/media?parent=11658"}],"curies":[{"name":"wp","href":"https:\/\/api.w.org\/{rel}","templated":true}]}}