{"id":11075,"date":"2021-04-16T12:14:47","date_gmt":"2021-04-16T10:14:47","guid":{"rendered":"https:\/\/www.nomenearth.es\/?page_id=11075"},"modified":"2021-06-04T08:48:16","modified_gmt":"2021-06-04T06:48:16","slug":"concurs","status":"publish","type":"page","link":"https:\/\/www.nomenearth.es\/ca\/concurs\/","title":{"rendered":"Participa-hi"},"content":{"rendered":"<p>[et_pb_section fb_built=&#8221;1&#8243; module_id=&#8221;participa&#8221; module_class=&#8221;section-title-intro&#8221; _builder_version=&#8221;4.0.5&#8243; background_image=&#8221;https:\/\/www.nomenearth.es\/wp-content\/uploads\/2019\/12\/35.png&#8221; custom_padding=&#8221;50px|||||&#8221; da_disable_devices=&#8221;off|off|off&#8221; collapsed=&#8221;off&#8221; da_is_popup=&#8221;off&#8221; da_exit_intent=&#8221;off&#8221; da_has_close=&#8221;on&#8221; da_alt_close=&#8221;off&#8221; da_dark_close=&#8221;off&#8221; da_not_modal=&#8221;on&#8221; da_is_singular=&#8221;off&#8221; da_with_loader=&#8221;off&#8221; da_has_shadow=&#8221;on&#8221;][et_pb_row admin_label=&#8221;Fila&#8221; module_class=&#8221;titulo-finalistas&#8221; _builder_version=&#8221;4.0.5&#8243;][et_pb_column type=&#8221;4_4&#8243; _builder_version=&#8221;4.0.5&#8243;][et_pb_text admin_label=&#8221;Texto: T\u00edtulo&#8221; _builder_version=&#8221;4.0.5&#8243;]<\/p>\n<h1 style=\"text-align: center;\">TENIM GUANYADOR!<\/h1>\n<p>[\/et_pb_text][\/et_pb_column][\/et_pb_row][\/et_pb_section][et_pb_section fb_built=&#8221;1&#8243; _builder_version=&#8221;4.0.5&#8243; background_image=&#8221;https:\/\/www.nomenearth.es\/wp-content\/uploads\/2021\/01\/background-slider-2021.jpg&#8221; custom_padding=&#8221;||55px||false|false&#8221; da_disable_devices=&#8221;off|off|off&#8221; collapsed=&#8221;off&#8221; da_is_popup=&#8221;off&#8221; da_exit_intent=&#8221;off&#8221; da_has_close=&#8221;on&#8221; da_alt_close=&#8221;off&#8221; da_dark_close=&#8221;off&#8221; da_not_modal=&#8221;on&#8221; da_is_singular=&#8221;off&#8221; da_with_loader=&#8221;off&#8221; da_has_shadow=&#8221;on&#8221;][et_pb_row module_class=&#8221;finalistas&#8221; _builder_version=&#8221;4.0.5&#8243; custom_margin=&#8221;|auto|-8px|auto||&#8221; custom_padding=&#8221;||10px||false|false&#8221;][et_pb_column type=&#8221;4_4&#8243; _builder_version=&#8221;4.0.5&#8243;][et_pb_text admin_label=&#8221;Texto: CONCURSO DISE\u00d1O&#8221; _builder_version=&#8221;4.0.5&#8243; text_font=&#8221;Asap|700|||||||&#8221; text_text_color=&#8221;#316335&#8243; text_font_size=&#8221;34px&#8221; text_orientation=&#8221;center&#8221; custom_padding=&#8221;||||false|false&#8221; inline_fonts=&#8221;Asap&#8221;]<\/p>\n<p><span style=\"font-size: 34px; color: #4c340d; font-family: 'Kumbh Sans', sans-serif; font-weight: bold; line-height: 1.2em;\">CONCURS DISSENY NOMEN EARTH 2021<\/span><\/p>\n<p>[\/et_pb_text][et_pb_text admin_label=&#8221;Texto: DISSENY GUANYADOR&#8221; module_class=&#8221;ganadores-sorteo-nombres&#8221; _builder_version=&#8221;4.0.5&#8243; text_font=&#8221;Ubuntu||||||||&#8221; text_text_color=&#8221;#4c340d&#8221; text_font_size=&#8221;23px&#8221; text_line_height=&#8221;1.4em&#8221; text_orientation=&#8221;center&#8221; max_width=&#8221;870px&#8221; module_alignment=&#8221;center&#8221;]<\/p>\n<p><span style=\"color: #4c340d; font-size: 23px; font-weight: 400; line-height: 1.4em; font-family: 'Ubuntu', sans-serif;\"><strong>Us presentem el disseny guanyador del segon certamen de concurs de disseny de l\u2019env\u00e0s de Nomen Earth.<\/strong> Felicitats, <strong>ALSACIA PLAZ<\/strong>, a teva proposta ha estat la m\u00e9s votada d&#8217;entre els sis finalistes i, per tant, el premi de 1.000 \u20ac \u00e9s teu.<\/span><\/p>\n<p><span style=\"color: #4c340d; font-size: 23px; font-weight: 400; line-height: 1.4em; font-family: 'Ubuntu', sans-serif;\">Aquest disseny ser\u00e0 la base de la imatge final del nou env\u00e0s de Nomen Earth 2021, que estar\u00e0 en el punt de venda des de mitjan setembre fins al juny de l&#8217;any vinent.<\/span><\/p>\n<p><span style=\"color: #4c340d; font-size: 23px; font-weight: 400; line-height: 1.4em; font-family: 'Ubuntu', sans-serif;\">El nostre equip de dissenyadors s&#8217;ha posat en marxa per adaptar el disseny guanyador a les especificitats t\u00e8cniques de l\u2019env\u00e0s. M\u00e9s endavant us mostrarem la imatge final del producte perqu\u00e8 el pugueu identificar f\u00e0cilment en el lineal del vostre punt de venda habitual.<\/span><\/p>\n<p><span style=\"font-size: 23px;\"><strong><span style=\"color: #4c340d; line-height: 1.4em; font-family: 'Ubuntu', sans-serif;\">Recordem que el 100% dels beneficis de les vendes d&#8217;aquest producte seran destinades al finan\u00e7ament de la causa mediambiental triada popularment a trav\u00e9s del concurs de propostes de causes.<\/span><\/strong><\/span><\/p>\n<p><span style=\"color: #4c340d; font-size: 23px; font-weight: 400; line-height: 1.4em; font-family: 'Ubuntu', sans-serif;\">Moltes gr\u00e0cies, un cop m\u00e9s, per les vostres propostes, participaci\u00f3 i talent, que ha fet que l&#8217;equip de Nomen Earth mantingui la il\u00b7lusi\u00f3 en un projecte que t\u00e9 com a objectiu <strong>retornar a la terra tot el que ens ha donat.<\/strong><\/span><\/p>\n<p>[\/et_pb_text][et_pb_image src=&#8221;https:\/\/www.nomenearth.es\/wp-content\/uploads\/2021\/06\/GRAFICA-WINNER-PLAZ.gif&#8221; align=&#8221;center&#8221; disabled_on=&#8221;off|off|off&#8221; admin_label=&#8221;Imagen: DISSENY ALSACIA&#8221; _builder_version=&#8221;4.0.5&#8243; max_width=&#8221;900px&#8221; module_alignment=&#8221;center&#8221; custom_padding=&#8221;30px|||||&#8221;][\/et_pb_image][et_pb_text content_tablet=&#8221;&#8221; content_phone=&#8221;&#8221; content_last_edited=&#8221;on|desktop&#8221; admin_label=&#8221;Texto: GRACIES&#8221; _builder_version=&#8221;4.0.5&#8243; text_font=&#8221;Asap|700|||||||&#8221; text_text_color=&#8221;#316335&#8243; text_font_size=&#8221;34px&#8221; text_orientation=&#8221;center&#8221; custom_padding=&#8221;||||false|false&#8221; hover_enabled=&#8221;0&#8243; inline_fonts=&#8221;Asap&#8221;]<\/p>\n<p style=\"font-size: 86px; color: #4c340d; font-family: 'Kumbh Sans', sans-serif; font-weight:600; line-height: 1.3em;padding-bottom:8px\">GR\u00c0CIES!<\/p>\n<p style=\"font-size: 26px; color: #4c340d; font-family: 'Kumbh Sans', sans-serif; font-weight:400; line-height: 1.2em;\">#TuGranitoDeArrozPorElPlaneta<\/p>\n<p>[\/et_pb_text][\/et_pb_column][\/et_pb_row][\/et_pb_section]<\/p>\n","protected":false},"excerpt":{"rendered":"<p>TENIM GUANYADOR!CONCURS DISSENY NOMEN EARTH 2021Us presentem el disseny guanyador del segon certamen de concurs de disseny de l\u2019env\u00e0s de Nomen Earth. Felicitats, ALSACIA PLAZ, a teva proposta ha estat la m\u00e9s votada d&#8217;entre els sis finalistes i, per tant, el premi de 1.000 \u20ac \u00e9s teu. Aquest disseny ser\u00e0 la base de la imatge [&hellip;]<\/p>\n","protected":false},"author":1,"featured_media":0,"parent":0,"menu_order":0,"comment_status":"closed","ping_status":"closed","template":"","meta":{"_et_pb_use_builder":"on","_et_pb_old_content":"","_et_gb_content_width":"","footnotes":""},"class_list":["post-11075","page","type-page","status-publish","hentry"],"yoast_head":"<!-- This site is optimized with the Yoast SEO plugin v27.4 - https:\/\/yoast.com\/product\/yoast-seo-wordpress\/ -->\n<title>Participa-hi - Nomen Earth<\/title>\n<meta name=\"robots\" content=\"index, follow, max-snippet:-1, max-image-preview:large, max-video-preview:-1\" \/>\n<link rel=\"canonical\" href=\"https:\/\/www.nomenearth.es\/ca\/concurs\/\" \/>\n<meta property=\"og:locale\" content=\"ca_ES\" \/>\n<meta property=\"og:type\" content=\"article\" \/>\n<meta property=\"og:title\" content=\"Participa-hi - Nomen Earth\" \/>\n<meta property=\"og:description\" content=\"TENIM GUANYADOR!CONCURS DISSENY NOMEN EARTH 2021Us presentem el disseny guanyador del segon certamen de concurs de disseny de l\u2019env\u00e0s de Nomen Earth. Felicitats, ALSACIA PLAZ, a teva proposta ha estat la m\u00e9s votada d&#039;entre els sis finalistes i, per tant, el premi de 1.000 \u20ac \u00e9s teu. Aquest disseny ser\u00e0 la base de la imatge [&hellip;]\" \/>\n<meta property=\"og:url\" content=\"https:\/\/www.nomenearth.es\/ca\/concurs\/\" \/>\n<meta property=\"og:site_name\" content=\"Nomen Earth\" \/>\n<meta property=\"article:modified_time\" content=\"2021-06-04T06:48:16+00:00\" \/>\n<meta name=\"twitter:card\" content=\"summary_large_image\" \/>\n<meta name=\"twitter:label1\" content=\"Temps estimat de lectura\" \/>\n\t<meta name=\"twitter:data1\" content=\"3 minuts\" \/>\n<script type=\"application\/ld+json\" class=\"yoast-schema-graph\">{\"@context\":\"https:\\\/\\\/schema.org\",\"@graph\":[{\"@type\":\"WebPage\",\"@id\":\"https:\\\/\\\/www.nomenearth.es\\\/ca\\\/concurs\\\/\",\"url\":\"https:\\\/\\\/www.nomenearth.es\\\/ca\\\/concurs\\\/\",\"name\":\"Participa-hi - Nomen Earth\",\"isPartOf\":{\"@id\":\"https:\\\/\\\/www.nomenearth.es\\\/#website\"},\"datePublished\":\"2021-04-16T10:14:47+00:00\",\"dateModified\":\"2021-06-04T06:48:16+00:00\",\"breadcrumb\":{\"@id\":\"https:\\\/\\\/www.nomenearth.es\\\/ca\\\/concurs\\\/#breadcrumb\"},\"inLanguage\":\"ca\",\"potentialAction\":[{\"@type\":\"ReadAction\",\"target\":[\"https:\\\/\\\/www.nomenearth.es\\\/ca\\\/concurs\\\/\"]}]},{\"@type\":\"BreadcrumbList\",\"@id\":\"https:\\\/\\\/www.nomenearth.es\\\/ca\\\/concurs\\\/#breadcrumb\",\"itemListElement\":[{\"@type\":\"ListItem\",\"position\":1,\"name\":\"Portada\",\"item\":\"https:\\\/\\\/www.nomenearth.es\\\/\"},{\"@type\":\"ListItem\",\"position\":2,\"name\":\"Participa-hi\"}]},{\"@type\":\"WebSite\",\"@id\":\"https:\\\/\\\/www.nomenearth.es\\\/#website\",\"url\":\"https:\\\/\\\/www.nomenearth.es\\\/\",\"name\":\"Nomen Earth\",\"description\":\"#Comprom\u00e9teteConNomen\",\"potentialAction\":[{\"@type\":\"SearchAction\",\"target\":{\"@type\":\"EntryPoint\",\"urlTemplate\":\"https:\\\/\\\/www.nomenearth.es\\\/?s={search_term_string}\"},\"query-input\":{\"@type\":\"PropertyValueSpecification\",\"valueRequired\":true,\"valueName\":\"search_term_string\"}}],\"inLanguage\":\"ca\"}]}<\/script>\n<!-- \/ Yoast SEO plugin. -->","yoast_head_json":{"title":"Participa-hi - Nomen Earth","robots":{"index":"index","follow":"follow","max-snippet":"max-snippet:-1","max-image-preview":"max-image-preview:large","max-video-preview":"max-video-preview:-1"},"canonical":"https:\/\/www.nomenearth.es\/ca\/concurs\/","og_locale":"ca_ES","og_type":"article","og_title":"Participa-hi - Nomen Earth","og_description":"TENIM GUANYADOR!CONCURS DISSENY NOMEN EARTH 2021Us presentem el disseny guanyador del segon certamen de concurs de disseny de l\u2019env\u00e0s de Nomen Earth. Felicitats, ALSACIA PLAZ, a teva proposta ha estat la m\u00e9s votada d'entre els sis finalistes i, per tant, el premi de 1.000 \u20ac \u00e9s teu. Aquest disseny ser\u00e0 la base de la imatge [&hellip;]","og_url":"https:\/\/www.nomenearth.es\/ca\/concurs\/","og_site_name":"Nomen Earth","article_modified_time":"2021-06-04T06:48:16+00:00","twitter_card":"summary_large_image","twitter_misc":{"Temps estimat de lectura":"3 minuts"},"schema":{"@context":"https:\/\/schema.org","@graph":[{"@type":"WebPage","@id":"https:\/\/www.nomenearth.es\/ca\/concurs\/","url":"https:\/\/www.nomenearth.es\/ca\/concurs\/","name":"Participa-hi - Nomen Earth","isPartOf":{"@id":"https:\/\/www.nomenearth.es\/#website"},"datePublished":"2021-04-16T10:14:47+00:00","dateModified":"2021-06-04T06:48:16+00:00","breadcrumb":{"@id":"https:\/\/www.nomenearth.es\/ca\/concurs\/#breadcrumb"},"inLanguage":"ca","potentialAction":[{"@type":"ReadAction","target":["https:\/\/www.nomenearth.es\/ca\/concurs\/"]}]},{"@type":"BreadcrumbList","@id":"https:\/\/www.nomenearth.es\/ca\/concurs\/#breadcrumb","itemListElement":[{"@type":"ListItem","position":1,"name":"Portada","item":"https:\/\/www.nomenearth.es\/"},{"@type":"ListItem","position":2,"name":"Participa-hi"}]},{"@type":"WebSite","@id":"https:\/\/www.nomenearth.es\/#website","url":"https:\/\/www.nomenearth.es\/","name":"Nomen Earth","description":"#Comprom\u00e9teteConNomen","potentialAction":[{"@type":"SearchAction","target":{"@type":"EntryPoint","urlTemplate":"https:\/\/www.nomenearth.es\/?s={search_term_string}"},"query-input":{"@type":"PropertyValueSpecification","valueRequired":true,"valueName":"search_term_string"}}],"inLanguage":"ca"}]}},"_links":{"self":[{"href":"https:\/\/www.nomenearth.es\/ca\/wp-json\/wp\/v2\/pages\/11075","targetHints":{"allow":["GET"]}}],"collection":[{"href":"https:\/\/www.nomenearth.es\/ca\/wp-json\/wp\/v2\/pages"}],"about":[{"href":"https:\/\/www.nomenearth.es\/ca\/wp-json\/wp\/v2\/types\/page"}],"author":[{"embeddable":true,"href":"https:\/\/www.nomenearth.es\/ca\/wp-json\/wp\/v2\/users\/1"}],"replies":[{"embeddable":true,"href":"https:\/\/www.nomenearth.es\/ca\/wp-json\/wp\/v2\/comments?post=11075"}],"version-history":[{"count":14,"href":"https:\/\/www.nomenearth.es\/ca\/wp-json\/wp\/v2\/pages\/11075\/revisions"}],"predecessor-version":[{"id":11488,"href":"https:\/\/www.nomenearth.es\/ca\/wp-json\/wp\/v2\/pages\/11075\/revisions\/11488"}],"wp:attachment":[{"href":"https:\/\/www.nomenearth.es\/ca\/wp-json\/wp\/v2\/media?parent=11075"}],"curies":[{"name":"wp","href":"https:\/\/api.w.org\/{rel}","templated":true}]}}